{"id":53935,"date":"2025-07-17T10:53:48","date_gmt":"2025-07-17T08:53:48","guid":{"rendered":"https:\/\/itr.lukasiewicz.gov.pl\/other-tenders\/"},"modified":"2026-02-18T09:51:51","modified_gmt":"2026-02-18T08:51:51","slug":"other-tenders","status":"publish","type":"page","link":"https:\/\/itr.lukasiewicz.gov.pl\/en\/other-tenders\/","title":{"rendered":"Other tenders"},"content":{"rendered":"\t\t<div data-elementor-type=\"wp-page\" data-elementor-id=\"53935\" class=\"elementor elementor-53935 elementor-48492\" data-elementor-post-type=\"page\">\n\t\t\t\t<div class=\"elementor-element elementor-element-0569bdf e-flex e-con-boxed e-con e-parent\" data-id=\"0569bdf\" data-element_type=\"container\" data-e-type=\"container\">\n\t\t\t\t\t<div class=\"e-con-inner\">\n\t\t\t\t<div class=\"elementor-element elementor-element-1404c61 elementor-widget elementor-widget-heading\" data-id=\"1404c61\" data-element_type=\"widget\" data-e-type=\"widget\" data-widget_type=\"heading.default\">\n\t\t\t\t<div class=\"elementor-widget-container\">\n\t\t\t\t\t<h1 class=\"elementor-heading-title elementor-size-default\">Other tenders<\/h1>\t\t\t\t<\/div>\n\t\t\t\t<\/div>\n\t\t\t\t\t<\/div>\n\t\t\t\t<\/div>\n\t\t<div class=\"elementor-element elementor-element-085340b e-flex e-con-boxed e-con e-parent\" data-id=\"085340b\" data-element_type=\"container\" data-e-type=\"container\">\n\t\t\t\t\t<div class=\"e-con-inner\">\n\t\t\t\t<div class=\"elementor-element elementor-element-228f510 elementor-widget elementor-widget-shortcode\" data-id=\"228f510\" data-element_type=\"widget\" data-e-type=\"widget\" data-widget_type=\"shortcode.default\">\n\t\t\t\t<div class=\"elementor-widget-container\">\n\t\t\t\t\t\t\t<div class=\"elementor-shortcode\"><div class=\"custom-post-loop__filters\"><a href=\"?kategoria=\" class=\"custom-post-loop__filter-btn\">Wszystkie wpisy<\/a><a href=\"?kategoria=2021\" class=\"custom-post-loop__filter-btn \">2021<\/a><a href=\"?kategoria=2022\" class=\"custom-post-loop__filter-btn \">2022<\/a><a href=\"?kategoria=2023\" class=\"custom-post-loop__filter-btn \">2023<\/a><a href=\"?kategoria=2024\" class=\"custom-post-loop__filter-btn \">2024<\/a><a href=\"?kategoria=2025\" class=\"custom-post-loop__filter-btn \">2025<\/a><a href=\"?kategoria=2026\" class=\"custom-post-loop__filter-btn \">2026<\/a><\/div><div class=\"custom-post-loop__posts\"><article class=\"custom-post-loop__post\"><div class=\"custom-post-loop__inner\"><div class=\"custom-post-loop__content\"><h2 class=\"custom-post-loop__title\">Pisemny przetarg nieograniczony 2\/2026<\/h2><div class=\"custom-post-loop__excerpt\">Pisemny przetarg nieograniczny na sprzeda\u017c stanowiska do prasowania w polu magnetycznym.<\/div><a class=\"custom-post-loop__link\" href=\"https:\/\/itr.lukasiewicz.gov.pl\/en\/inne-przetargi\/pisemny-przetarg-nieograniczony-1-2026-2\/\">Czytaj wi\u0119cej<\/a><\/div><\/div><\/article><article class=\"custom-post-loop__post\"><div class=\"custom-post-loop__inner\"><div class=\"custom-post-loop__content\"><h2 class=\"custom-post-loop__title\">Pisemny przetarg nieograniczony 1\/2026<\/h2><div class=\"custom-post-loop__excerpt\">Pisemny przetarg nieograniczny na sprzeda\u017c prasy hydraulicznej.<\/div><a class=\"custom-post-loop__link\" href=\"https:\/\/itr.lukasiewicz.gov.pl\/en\/inne-przetargi\/pisemny-przetarg-nieograniczony-1-2026\/\">Czytaj wi\u0119cej<\/a><\/div><\/div><\/article><article class=\"custom-post-loop__post\"><div class=\"custom-post-loop__inner\"><div class=\"custom-post-loop__content\"><h2 class=\"custom-post-loop__title\">Pisemny przetarg nieograniczony 5\/2025<\/h2><div class=\"custom-post-loop__excerpt\">Pisemny przetarg nieograniczny na sprzeda\u017c maszyn warsztatowych.<\/div><a class=\"custom-post-loop__link\" href=\"https:\/\/itr.lukasiewicz.gov.pl\/en\/inne-przetargi\/pisemny-przetarg-nieograniczony-5-2025\/\">Czytaj wi\u0119cej<\/a><\/div><\/div><\/article><article class=\"custom-post-loop__post\"><div class=\"custom-post-loop__inner\"><div class=\"custom-post-loop__content\"><h2 class=\"custom-post-loop__title\">Pisemny przetarg nieograniczony 4\/2025<\/h2><div class=\"custom-post-loop__excerpt\">Pizemny przetarg nieograniczny na sprzeda\u017c maszyn warsztatowych.<\/div><a class=\"custom-post-loop__link\" href=\"https:\/\/itr.lukasiewicz.gov.pl\/en\/inne-przetargi\/pisemny-przetarg-nieograniczony-4-2025\/\">Czytaj wi\u0119cej<\/a><\/div><\/div><\/article><article class=\"custom-post-loop__post\"><div class=\"custom-post-loop__inner\"><div class=\"custom-post-loop__content\"><h2 class=\"custom-post-loop__title\">Pisemny przetarg nieograniczony 3\/2025<\/h2><div class=\"custom-post-loop__excerpt\">Pisemny przetarg nieograniczony na sprzeda\u017c automatu monta\u017cowego.<\/div><a class=\"custom-post-loop__link\" href=\"https:\/\/itr.lukasiewicz.gov.pl\/en\/inne-przetargi\/pisemny-przetarg-nieograniczony-3-2025\/\">Czytaj wi\u0119cej<\/a><\/div><\/div><\/article><article class=\"custom-post-loop__post\"><div class=\"custom-post-loop__inner\"><div class=\"custom-post-loop__content\"><h2 class=\"custom-post-loop__title\">Pisemny przetarg nieograniczony 2\/2025\u00a0<\/h2><div class=\"custom-post-loop__excerpt\">Pizemny przetarg nieograniczny na sprzeda\u017c maszyn warsztatowych.<\/div><a class=\"custom-post-loop__link\" href=\"https:\/\/itr.lukasiewicz.gov.pl\/en\/inne-przetargi\/pisemny-przetarg-nieograniczony-2-2025\/\">Czytaj wi\u0119cej<\/a><\/div><\/div><\/article><article class=\"custom-post-loop__post\"><div class=\"custom-post-loop__inner\"><div class=\"custom-post-loop__content\"><h2 class=\"custom-post-loop__title\">Pisemny przetarg nieograniczony 1\/2025<\/h2><div class=\"custom-post-loop__excerpt\">Pisemny przetarg nieograniczony na sprzeda\u017c maszyn warsztatowych.<\/div><a class=\"custom-post-loop__link\" href=\"https:\/\/itr.lukasiewicz.gov.pl\/en\/inne-przetargi\/pisemny-przetarg-nieograniczony-1-2025\/\">Czytaj wi\u0119cej<\/a><\/div><\/div><\/article><article class=\"custom-post-loop__post\"><div class=\"custom-post-loop__inner\"><div class=\"custom-post-loop__content\"><h2 class=\"custom-post-loop__title\">Pisemny przetarg nieograniczony 3\/2023<\/h2><div class=\"custom-post-loop__excerpt\">Pisemny przetarg nieograniczony na sprzeda\u017c pieca konwekcyjnego do lutowania rozp\u0142ywowego.<\/div><a class=\"custom-post-loop__link\" href=\"https:\/\/itr.lukasiewicz.gov.pl\/en\/inne-przetargi\/pisemny-przetarg-nieograniczony-3-2023\/\">Czytaj wi\u0119cej<\/a><\/div><\/div><\/article><article class=\"custom-post-loop__post\"><div class=\"custom-post-loop__inner\"><div class=\"custom-post-loop__content\"><h2 class=\"custom-post-loop__title\">Pisemny przetarg nieograniczony 2\/2023<\/h2><div class=\"custom-post-loop__excerpt\">Przetarg na\u00a0PIEC PR\u00d3\u017bNIOWY APM Nr Inw. 454-483.<\/div><a class=\"custom-post-loop__link\" href=\"https:\/\/itr.lukasiewicz.gov.pl\/en\/inne-przetargi\/pisemny-przetarg-nieograniczony-2-2023\/\">Czytaj wi\u0119cej<\/a><\/div><\/div><\/article><article class=\"custom-post-loop__post\"><div class=\"custom-post-loop__inner\"><div class=\"custom-post-loop__content\"><h2 class=\"custom-post-loop__title\">Pisemny przetarg nieograniczony 1\/2023<\/h2><div class=\"custom-post-loop__excerpt\">Pisemny przetarg nieograniczony na sprzeda\u017c pieca pr\u00f3\u017cniowego APM.<\/div><a class=\"custom-post-loop__link\" href=\"https:\/\/itr.lukasiewicz.gov.pl\/en\/inne-przetargi\/pisemny-przetarg-nieograniczony-1-2023\/\">Czytaj wi\u0119cej<\/a><\/div><\/div><\/article><\/div><div class=\"custom-post-loop__pagination\"><span aria-current=\"page\" class=\"page-numbers current\">1<\/span><a class=\"page-numbers\" href=\"\/en\/wp-json\/wp\/v2\/pages\/53935?custom_paged=2\">2<\/a><a title=\"Nast\u0119pna strona\" class=\"next page-numbers\" href=\"\/en\/wp-json\/wp\/v2\/pages\/53935?custom_paged=2\">\u00bb<\/a><\/div><\/div>\n\t\t\t\t\t\t<\/div>\n\t\t\t\t<\/div>\n\t\t\t\t\t<\/div>\n\t\t\t\t<\/div>\n\t\t\t\t<\/div>\n\t\t","protected":false},"excerpt":{"rendered":"<p>Other tenders<\/p>\n","protected":false},"author":230,"featured_media":0,"parent":0,"menu_order":0,"comment_status":"closed","ping_status":"closed","template":"","meta":{"_acf_changed":false,"_seopress_robots_primary_cat":"","_seopress_titles_title":"","_seopress_titles_desc":"","_seopress_robots_index":"","inline_featured_image":false,"footnotes":""},"class_list":["post-53935","page","type-page","status-publish","hentry"],"acf":[],"publishpress_future_action":{"enabled":false,"date":"2026-04-28 05:29:37","action":"change-status","newStatus":"draft","terms":[],"taxonomy":"translation_priority","extraData":[]},"publishpress_future_workflow_manual_trigger":{"enabledWorkflows":[]},"_links":{"self":[{"href":"https:\/\/itr.lukasiewicz.gov.pl\/en\/wp-json\/wp\/v2\/pages\/53935","targetHints":{"allow":["GET"]}}],"collection":[{"href":"https:\/\/itr.lukasiewicz.gov.pl\/en\/wp-json\/wp\/v2\/pages"}],"about":[{"href":"https:\/\/itr.lukasiewicz.gov.pl\/en\/wp-json\/wp\/v2\/types\/page"}],"author":[{"embeddable":true,"href":"https:\/\/itr.lukasiewicz.gov.pl\/en\/wp-json\/wp\/v2\/users\/230"}],"replies":[{"embeddable":true,"href":"https:\/\/itr.lukasiewicz.gov.pl\/en\/wp-json\/wp\/v2\/comments?post=53935"}],"version-history":[{"count":1,"href":"https:\/\/itr.lukasiewicz.gov.pl\/en\/wp-json\/wp\/v2\/pages\/53935\/revisions"}],"predecessor-version":[{"id":53936,"href":"https:\/\/itr.lukasiewicz.gov.pl\/en\/wp-json\/wp\/v2\/pages\/53935\/revisions\/53936"}],"wp:attachment":[{"href":"https:\/\/itr.lukasiewicz.gov.pl\/en\/wp-json\/wp\/v2\/media?parent=53935"}],"curies":[{"name":"wp","href":"https:\/\/api.w.org\/{rel}","templated":true}]}}