{"id":53852,"date":"2025-07-17T10:54:01","date_gmt":"2025-07-17T08:54:01","guid":{"rendered":"https:\/\/itr.lukasiewicz.gov.pl\/inquiries\/"},"modified":"2026-02-17T17:04:38","modified_gmt":"2026-02-17T16:04:38","slug":"inquiries","status":"publish","type":"page","link":"https:\/\/itr.lukasiewicz.gov.pl\/en\/inquiries\/","title":{"rendered":"Inquiries"},"content":{"rendered":"\t\t<div data-elementor-type=\"wp-page\" data-elementor-id=\"53852\" class=\"elementor elementor-53852 elementor-48494\" data-elementor-post-type=\"page\">\n\t\t\t\t<div class=\"elementor-element elementor-element-b1d495b e-flex e-con-boxed e-con e-parent\" data-id=\"b1d495b\" data-element_type=\"container\" data-e-type=\"container\">\n\t\t\t\t\t<div class=\"e-con-inner\">\n\t\t\t\t<div class=\"elementor-element elementor-element-c71f465 elementor-widget elementor-widget-heading\" data-id=\"c71f465\" data-element_type=\"widget\" data-e-type=\"widget\" data-widget_type=\"heading.default\">\n\t\t\t\t<div class=\"elementor-widget-container\">\n\t\t\t\t\t<h1 class=\"elementor-heading-title elementor-size-default\">Inquiries<\/h1>\t\t\t\t<\/div>\n\t\t\t\t<\/div>\n\t\t\t\t\t<\/div>\n\t\t\t\t<\/div>\n\t\t<div class=\"elementor-element elementor-element-694965c e-flex e-con-boxed e-con e-parent\" data-id=\"694965c\" data-element_type=\"container\" data-e-type=\"container\">\n\t\t\t\t\t<div class=\"e-con-inner\">\n\t\t\t\t<div class=\"elementor-element elementor-element-16b2efe elementor-widget elementor-widget-shortcode\" data-id=\"16b2efe\" data-element_type=\"widget\" data-e-type=\"widget\" data-widget_type=\"shortcode.default\">\n\t\t\t\t<div class=\"elementor-widget-container\">\n\t\t\t\t\t\t\t<div class=\"elementor-shortcode\"><div class=\"custom-post-loop__filters\"><a href=\"?kategoria=\" class=\"custom-post-loop__filter-btn\">Wszystkie wpisy<\/a><a href=\"?kategoria=2021\" class=\"custom-post-loop__filter-btn \">2021<\/a><a href=\"?kategoria=2022\" class=\"custom-post-loop__filter-btn \">2022<\/a><a href=\"?kategoria=2023\" class=\"custom-post-loop__filter-btn \">2023<\/a><a href=\"?kategoria=2024\" class=\"custom-post-loop__filter-btn \">2024<\/a><a href=\"?kategoria=2025\" class=\"custom-post-loop__filter-btn \">2025<\/a><a href=\"?kategoria=2026\" class=\"custom-post-loop__filter-btn \">2026<\/a><\/div><div class=\"custom-post-loop__posts\"><article class=\"custom-post-loop__post\"><div class=\"custom-post-loop__inner\"><div class=\"custom-post-loop__content\"><h2 class=\"custom-post-loop__title\">Zapytanie ofertowe nr 036\/EZ\/2026<\/h2><div class=\"custom-post-loop__excerpt\">Zapytanie ofertowe dot. wykonania detali mechanicznych z blachy stalowej.<\/div><a class=\"custom-post-loop__link\" href=\"https:\/\/itr.lukasiewicz.gov.pl\/en\/zapytania-ofertowe\/zapytanie-ofertowe-nr-036-ez-2026\/\">Czytaj wi\u0119cej<\/a><\/div><\/div><\/article><article class=\"custom-post-loop__post\"><div class=\"custom-post-loop__inner\"><div class=\"custom-post-loop__content\"><h2 class=\"custom-post-loop__title\">Zapytanie ofertowe nr 035\/EZ\/2026<\/h2><div class=\"custom-post-loop__excerpt\">Zapytanie ofertowe dot. dostawy z\u0142\u0105cz laboratoryjnych bananowych<\/div><a class=\"custom-post-loop__link\" href=\"https:\/\/itr.lukasiewicz.gov.pl\/en\/zapytania-ofertowe\/zapytanie-ofertowe-nr-035-ez-2026\/\">Czytaj wi\u0119cej<\/a><\/div><\/div><\/article><article class=\"custom-post-loop__post\"><div class=\"custom-post-loop__inner\"><div class=\"custom-post-loop__content\"><h2 class=\"custom-post-loop__title\">Zapytanie ofertowe nr 034\/EZ\/2026<\/h2><div class=\"custom-post-loop__excerpt\">Zapytanie ofertowe dot. dostawy iskrownik\u00f3w.<\/div><a class=\"custom-post-loop__link\" href=\"https:\/\/itr.lukasiewicz.gov.pl\/en\/zapytania-ofertowe\/zapytanie-ofertowe-nr-034-ez-2026\/\">Czytaj wi\u0119cej<\/a><\/div><\/div><\/article><article class=\"custom-post-loop__post\"><div class=\"custom-post-loop__inner\"><div class=\"custom-post-loop__content\"><h2 class=\"custom-post-loop__title\">Zapytanie ofertowe nr 033\/EI\/2026<\/h2><div class=\"custom-post-loop__excerpt\">Zapytanie ofertowe nr 033\/EI\/2026 na dostaw\u0119 wieczystej licencji na oprogramowanie OriginPro 2026<\/div><a class=\"custom-post-loop__link\" href=\"https:\/\/itr.lukasiewicz.gov.pl\/en\/zapytania-ofertowe\/zapytanie-ofertowe-nr-033-ei-2026\/\">Czytaj wi\u0119cej<\/a><\/div><\/div><\/article><article class=\"custom-post-loop__post\"><div class=\"custom-post-loop__inner\"><div class=\"custom-post-loop__content\"><h2 class=\"custom-post-loop__title\">Zapytanie ofertowe nr 032\/EZ\/2026<\/h2><div class=\"custom-post-loop__excerpt\">Zapytanie ofertowe dot. wykonania detali z tworzyw sztucznych.<\/div><a class=\"custom-post-loop__link\" href=\"https:\/\/itr.lukasiewicz.gov.pl\/en\/zapytania-ofertowe\/zapytanie-ofertowe-nr-032-ez-2026\/\">Czytaj wi\u0119cej<\/a><\/div><\/div><\/article><article class=\"custom-post-loop__post\"><div class=\"custom-post-loop__inner\"><div class=\"custom-post-loop__content\"><h2 class=\"custom-post-loop__title\">Zapytanie ofertowe nr 031\/EZ\/2026<\/h2><div class=\"custom-post-loop__excerpt\">Zapytanie ofertowe na rozszerzenie licencji posiadanych bibliotek IPCore<\/div><a class=\"custom-post-loop__link\" href=\"https:\/\/itr.lukasiewicz.gov.pl\/en\/zapytania-ofertowe\/zapytanie-ofertowe-nr-031-ez-2026\/\">Czytaj wi\u0119cej<\/a><\/div><\/div><\/article><article class=\"custom-post-loop__post\"><div class=\"custom-post-loop__inner\"><div class=\"custom-post-loop__content\"><h2 class=\"custom-post-loop__title\">Zapytanie ofertowe nr 030\/EZ\/2026<\/h2><div class=\"custom-post-loop__excerpt\">Zapytanie ofertowe na dostaw\u0119 potasowego cyjanoz\u0142ocinu<\/div><a class=\"custom-post-loop__link\" href=\"https:\/\/itr.lukasiewicz.gov.pl\/en\/zapytania-ofertowe\/zapytanie-ofertowe-nr-030-ez-2026\/\">Czytaj wi\u0119cej<\/a><\/div><\/div><\/article><article class=\"custom-post-loop__post\"><div class=\"custom-post-loop__inner\"><div class=\"custom-post-loop__content\"><h2 class=\"custom-post-loop__title\">Zapytanie ofertowe nr 029\/EZ\/2026<\/h2><div class=\"custom-post-loop__excerpt\">Zapytanie ofertowe na wykonanie detali z tworzyw sztucznych.<\/div><a class=\"custom-post-loop__link\" href=\"https:\/\/itr.lukasiewicz.gov.pl\/en\/zapytania-ofertowe\/zapytanie-ofertowe-nr-029-ez-2026\/\">Czytaj wi\u0119cej<\/a><\/div><\/div><\/article><article class=\"custom-post-loop__post\"><div class=\"custom-post-loop__inner\"><div class=\"custom-post-loop__content\"><h2 class=\"custom-post-loop__title\">Zapytanie ofertowe nr 028\/NE\/2026<\/h2><div class=\"custom-post-loop__excerpt\">Zapytanie ofertowe na wykonanie dokumentacji i wyst\u0105pienie w imieniu \u0141ukasiewicz - ITR o pozwolenie na wprowadzanie gaz\u00f3w i py\u0142\u00f3w do powietrza.\u00a0<\/div><a class=\"custom-post-loop__link\" href=\"https:\/\/itr.lukasiewicz.gov.pl\/en\/zapytania-ofertowe\/zapytanie-ofertowe-nr-028-ne-2026\/\">Czytaj wi\u0119cej<\/a><\/div><\/div><\/article><article class=\"custom-post-loop__post\"><div class=\"custom-post-loop__inner\"><div class=\"custom-post-loop__content\"><h2 class=\"custom-post-loop__title\">Zapytanie ofertowe nr 027\/EZ\/2026<\/h2><div class=\"custom-post-loop__excerpt\">Zapytanie ofertowe na dostaw\u0119 anod cynowych i work\u00f3w anodowych.<\/div><a class=\"custom-post-loop__link\" href=\"https:\/\/itr.lukasiewicz.gov.pl\/en\/zapytania-ofertowe\/zapytanie-ofertowe-nr-027-ez-2026\/\">Czytaj wi\u0119cej<\/a><\/div><\/div><\/article><\/div><div class=\"custom-post-loop__pagination\"><span aria-current=\"page\" class=\"page-numbers current\">1<\/span><a class=\"page-numbers\" href=\"\/en\/wp-json\/wp\/v2\/pages\/53852?custom_paged=2\">2<\/a><a class=\"page-numbers\" href=\"\/en\/wp-json\/wp\/v2\/pages\/53852?custom_paged=3\">3<\/a><span class=\"page-numbers dots\">&hellip;<\/span><a class=\"page-numbers\" href=\"\/en\/wp-json\/wp\/v2\/pages\/53852?custom_paged=39\">39<\/a><a title=\"Nast\u0119pna strona\" class=\"next page-numbers\" href=\"\/en\/wp-json\/wp\/v2\/pages\/53852?custom_paged=2\">\u00bb<\/a><\/div><\/div>\n\t\t\t\t\t\t<\/div>\n\t\t\t\t<\/div>\n\t\t\t\t\t<\/div>\n\t\t\t\t<\/div>\n\t\t\t\t<\/div>\n\t\t","protected":false},"excerpt":{"rendered":"<p>Inquiries<\/p>\n","protected":false},"author":230,"featured_media":0,"parent":0,"menu_order":0,"comment_status":"closed","ping_status":"closed","template":"","meta":{"_acf_changed":false,"_seopress_robots_primary_cat":"","_seopress_titles_title":"","_seopress_titles_desc":"","_seopress_robots_index":"","inline_featured_image":false,"footnotes":""},"class_list":["post-53852","page","type-page","status-publish","hentry"],"acf":[],"publishpress_future_action":{"enabled":false,"date":"2026-04-28 03:58:11","action":"change-status","newStatus":"draft","terms":[],"taxonomy":"translation_priority","extraData":[]},"publishpress_future_workflow_manual_trigger":{"enabledWorkflows":[]},"_links":{"self":[{"href":"https:\/\/itr.lukasiewicz.gov.pl\/en\/wp-json\/wp\/v2\/pages\/53852","targetHints":{"allow":["GET"]}}],"collection":[{"href":"https:\/\/itr.lukasiewicz.gov.pl\/en\/wp-json\/wp\/v2\/pages"}],"about":[{"href":"https:\/\/itr.lukasiewicz.gov.pl\/en\/wp-json\/wp\/v2\/types\/page"}],"author":[{"embeddable":true,"href":"https:\/\/itr.lukasiewicz.gov.pl\/en\/wp-json\/wp\/v2\/users\/230"}],"replies":[{"embeddable":true,"href":"https:\/\/itr.lukasiewicz.gov.pl\/en\/wp-json\/wp\/v2\/comments?post=53852"}],"version-history":[{"count":1,"href":"https:\/\/itr.lukasiewicz.gov.pl\/en\/wp-json\/wp\/v2\/pages\/53852\/revisions"}],"predecessor-version":[{"id":53853,"href":"https:\/\/itr.lukasiewicz.gov.pl\/en\/wp-json\/wp\/v2\/pages\/53852\/revisions\/53853"}],"wp:attachment":[{"href":"https:\/\/itr.lukasiewicz.gov.pl\/en\/wp-json\/wp\/v2\/media?parent=53852"}],"curies":[{"name":"wp","href":"https:\/\/api.w.org\/{rel}","templated":true}]}}