{"id":53831,"date":"2025-08-05T13:35:45","date_gmt":"2025-08-05T11:35:45","guid":{"rendered":"https:\/\/itr.lukasiewicz.gov.pl\/environmental-management\/"},"modified":"2026-02-17T16:25:45","modified_gmt":"2026-02-17T15:25:45","slug":"environmental-management","status":"publish","type":"page","link":"https:\/\/itr.lukasiewicz.gov.pl\/en\/environmental-management\/","title":{"rendered":"Environmental management"},"content":{"rendered":"\t\t<div data-elementor-type=\"wp-page\" data-elementor-id=\"53831\" class=\"elementor elementor-53831 elementor-49477\" data-elementor-post-type=\"page\">\n\t\t\t\t<div class=\"elementor-element elementor-element-48f09aa e-flex e-con-boxed e-con e-parent\" data-id=\"48f09aa\" data-element_type=\"container\" data-e-type=\"container\">\n\t\t\t\t\t<div class=\"e-con-inner\">\n\t\t<div class=\"elementor-element elementor-element-d898029 e-con-full e-flex e-con e-child\" data-id=\"d898029\" data-element_type=\"container\" data-e-type=\"container\" data-settings=\"{&quot;background_background&quot;:&quot;classic&quot;}\">\n\t\t\t\t<div class=\"elementor-element elementor-element-ffa67d0 elementor-widget__width-inherit elementor-widget elementor-widget-theme-post-title elementor-page-title elementor-widget-heading\" data-id=\"ffa67d0\" data-element_type=\"widget\" data-e-type=\"widget\" data-widget_type=\"theme-post-title.default\">\n\t\t\t\t<div class=\"elementor-widget-container\">\n\t\t\t\t\t<h1 class=\"elementor-heading-title elementor-size-default\">Environmental management<\/h1>\t\t\t\t<\/div>\n\t\t\t\t<\/div>\n\t\t\t\t<\/div>\n\t\t\t\t\t<\/div>\n\t\t\t\t<\/div>\n\t\t<div class=\"elementor-element elementor-element-d7a0bb9 e-flex e-con-boxed e-con e-parent\" data-id=\"d7a0bb9\" data-element_type=\"container\" data-e-type=\"container\">\n\t\t\t\t\t<div class=\"e-con-inner\">\n\t\t<div class=\"elementor-element elementor-element-3584874 e-con-full e-flex e-con e-child\" data-id=\"3584874\" data-element_type=\"container\" data-e-type=\"container\" data-settings=\"{&quot;background_background&quot;:&quot;classic&quot;}\">\n\t\t\t\t<div class=\"elementor-element elementor-element-2bbd572 elementor-widget elementor-widget-text-editor\" data-id=\"2bbd572\" data-element_type=\"widget\" data-e-type=\"widget\" data-widget_type=\"text-editor.default\">\n\t\t\t\t<div class=\"elementor-widget-container\">\n\t\t\t\t\t\t\t\t\t<h2>Basic assumptions:<\/h2><ul><li>compliance with applicable legal regulations in the field of environmental protection<\/li><li>undertaking actions to limit the impact of the Institute on the environment<\/li><li>continuous improvement of the Environmental Management System in accordance with the \u201cClean Production\u201d program<br><\/li><\/ul><h2>The goals of the Clean Production Policy are:<\/h2><ul><li>Stosowanie w mo\u017cliwym zakresie technik i technologii ograniczaj\u0105cych zakres korzystania przez \u0141ukasiewicz-ITR ze \u015brodowiska.<\/li><li>Application, in the broadest possible scope, of techniques and technologies limiting the scope of use by \u0141ukasiewicz\u2013ITR of the environment.<\/li><li>Optimization of indicators of consumption of raw materials and energy media used and developed in technologies.<\/li><\/ul><p>Keeping monitoring within the scope of consumption of energy carriers, water, hazardous substances and emissions of waste and research wastes from production, operation and liquidation of electronic and electrical devices.<\/p>\t\t\t\t\t\t\t\t<\/div>\n\t\t\t\t<\/div>\n\t\t\t\t<div class=\"elementor-element elementor-element-9682771 elementor-widget elementor-widget-heading\" data-id=\"9682771\" data-element_type=\"widget\" data-e-type=\"widget\" data-widget_type=\"heading.default\">\n\t\t\t\t<div class=\"elementor-widget-container\">\n\t\t\t\t\t<h2 class=\"elementor-heading-title elementor-size-default\">For download<\/h2>\t\t\t\t<\/div>\n\t\t\t\t<\/div>\n\t\t<div class=\"elementor-element elementor-element-23a124f e-con-full e-grid e-con e-child\" data-id=\"23a124f\" data-element_type=\"container\" data-e-type=\"container\">\n\t\t\t\t<div class=\"elementor-element elementor-element-361e342 btn-icon--right elementor-align-justify elementor-widget elementor-widget-button\" data-id=\"361e342\" data-element_type=\"widget\" data-e-type=\"widget\" data-widget_type=\"button.default\">\n\t\t\t\t<div class=\"elementor-widget-container\">\n\t\t\t\t\t\t\t\t\t<div class=\"elementor-button-wrapper\">\n\t\t\t\t\t<a class=\"elementor-button elementor-button-link elementor-size-sm\" href=\"https:\/\/itr.lukasiewicz.gov.pl\/wp-content\/uploads\/sites\/48\/2026\/01\/Certyfikaty-PL-Instytut-Tele-i-Radiotechniczny-w-Warszawie-2025.pdf\" target=\"_blank\">\n\t\t\t\t\t\t<span class=\"elementor-button-content-wrapper\">\n\t\t\t\t\t\t<span class=\"elementor-button-icon\">\n\t\t\t\t<i aria-hidden=\"true\" class=\"far fa-file-image\"><\/i>\t\t\t<\/span>\n\t\t\t\t\t\t\t\t\t<span class=\"elementor-button-text\">Clean Production Certificate 2025<br><\/span>\n\t\t\t\t\t<\/span>\n\t\t\t\t\t<\/a>\n\t\t\t\t<\/div>\n\t\t\t\t\t\t\t\t<\/div>\n\t\t\t\t<\/div>\n\t\t\t\t<div class=\"elementor-element elementor-element-8bd5295 btn-icon--right elementor-align-justify elementor-widget elementor-widget-button\" data-id=\"8bd5295\" data-element_type=\"widget\" data-e-type=\"widget\" data-widget_type=\"button.default\">\n\t\t\t\t<div class=\"elementor-widget-container\">\n\t\t\t\t\t\t\t\t\t<div class=\"elementor-button-wrapper\">\n\t\t\t\t\t<a class=\"elementor-button elementor-button-link elementor-size-sm\" href=\"https:\/\/itr.lukasiewicz.gov.pl\/wp-content\/uploads\/sites\/48\/2025\/08\/Certyfikat-_Dojrzaly-w-Czystszej-produkcji_.jpg\" target=\"_blank\">\n\t\t\t\t\t\t<span class=\"elementor-button-content-wrapper\">\n\t\t\t\t\t\t<span class=\"elementor-button-icon\">\n\t\t\t\t<i aria-hidden=\"true\" class=\"far fa-file-image\"><\/i>\t\t\t<\/span>\n\t\t\t\t\t\t\t\t\t<span class=\"elementor-button-text\">Certificate: \u201cGood habits in Clean Production\u201d<\/span>\n\t\t\t\t\t<\/span>\n\t\t\t\t\t<\/a>\n\t\t\t\t<\/div>\n\t\t\t\t\t\t\t\t<\/div>\n\t\t\t\t<\/div>\n\t\t\t\t<div class=\"elementor-element elementor-element-694692b btn-icon--right elementor-align-justify elementor-widget elementor-widget-button\" data-id=\"694692b\" data-element_type=\"widget\" data-e-type=\"widget\" data-widget_type=\"button.default\">\n\t\t\t\t<div class=\"elementor-widget-container\">\n\t\t\t\t\t\t\t\t\t<div class=\"elementor-button-wrapper\">\n\t\t\t\t\t<a class=\"elementor-button elementor-button-link elementor-size-sm\" href=\"https:\/\/itr.lukasiewicz.gov.pl\/wp-content\/uploads\/sites\/48\/2025\/08\/RysEfektyCP2023r.doc\" download=\"\">\n\t\t\t\t\t\t<span class=\"elementor-button-content-wrapper\">\n\t\t\t\t\t\t<span class=\"elementor-button-icon\">\n\t\t\t\t<i aria-hidden=\"true\" class=\"fas fa-download\"><\/i>\t\t\t<\/span>\n\t\t\t\t\t\t\t\t\t<span class=\"elementor-button-text\">Ecological labels of two innovative development products of ITR, \u0141ukasiewicz \u2013 ITR for products and services for 2023.<\/span>\n\t\t\t\t\t<\/span>\n\t\t\t\t\t<\/a>\n\t\t\t\t<\/div>\n\t\t\t\t\t\t\t\t<\/div>\n\t\t\t\t<\/div>\n\t\t\t\t<\/div>\n\t\t\t\t<\/div>\n\t\t\t\t<div class=\"elementor-element elementor-element-8b31121 elementor-widget elementor-widget-spacer\" data-id=\"8b31121\" data-element_type=\"widget\" data-e-type=\"widget\" data-widget_type=\"spacer.default\">\n\t\t\t\t<div class=\"elementor-widget-container\">\n\t\t\t\t\t\t\t<div class=\"elementor-spacer\">\n\t\t\t<div class=\"elementor-spacer-inner\"><\/div>\n\t\t<\/div>\n\t\t\t\t\t\t<\/div>\n\t\t\t\t<\/div>\n\t\t\t\t\t<\/div>\n\t\t\t\t<\/div>\n\t\t\t\t<\/div>\n\t\t","protected":false},"excerpt":{"rendered":"<p>Basic assumptions: compliance with applicable legal regulations in the field of environmental protection undertaking actions to limit the impact of the Institute on the environment continuous improvement of the Environmental Management System in accordance with the \u201cClean Production\u201d program The goals of the Clean Production Policy are: Stosowanie w mo\u017cliwym zakresie technik i technologii ograniczaj\u0105cych [&hellip;]<\/p>\n","protected":false},"author":230,"featured_media":0,"parent":0,"menu_order":0,"comment_status":"closed","ping_status":"closed","template":"","meta":{"_acf_changed":false,"_seopress_robots_primary_cat":"","_seopress_titles_title":"","_seopress_titles_desc":"","_seopress_robots_index":"","inline_featured_image":false,"footnotes":""},"class_list":["post-53831","page","type-page","status-publish","hentry"],"acf":[],"publishpress_future_action":{"enabled":false,"date":"2026-04-27 17:12:25","action":"change-status","newStatus":"draft","terms":[],"taxonomy":"translation_priority","extraData":[]},"publishpress_future_workflow_manual_trigger":{"enabledWorkflows":[]},"_links":{"self":[{"href":"https:\/\/itr.lukasiewicz.gov.pl\/en\/wp-json\/wp\/v2\/pages\/53831","targetHints":{"allow":["GET"]}}],"collection":[{"href":"https:\/\/itr.lukasiewicz.gov.pl\/en\/wp-json\/wp\/v2\/pages"}],"about":[{"href":"https:\/\/itr.lukasiewicz.gov.pl\/en\/wp-json\/wp\/v2\/types\/page"}],"author":[{"embeddable":true,"href":"https:\/\/itr.lukasiewicz.gov.pl\/en\/wp-json\/wp\/v2\/users\/230"}],"replies":[{"embeddable":true,"href":"https:\/\/itr.lukasiewicz.gov.pl\/en\/wp-json\/wp\/v2\/comments?post=53831"}],"version-history":[{"count":1,"href":"https:\/\/itr.lukasiewicz.gov.pl\/en\/wp-json\/wp\/v2\/pages\/53831\/revisions"}],"predecessor-version":[{"id":53832,"href":"https:\/\/itr.lukasiewicz.gov.pl\/en\/wp-json\/wp\/v2\/pages\/53831\/revisions\/53832"}],"wp:attachment":[{"href":"https:\/\/itr.lukasiewicz.gov.pl\/en\/wp-json\/wp\/v2\/media?parent=53831"}],"curies":[{"name":"wp","href":"https:\/\/api.w.org\/{rel}","templated":true}]}}