{"id":53632,"date":"2025-08-19T12:23:54","date_gmt":"2025-08-19T10:23:54","guid":{"rendered":"https:\/\/itr.lukasiewicz.gov.pl\/about-us\/teleinformatics-and-electronics-technology-center\/"},"modified":"2026-01-29T12:27:10","modified_gmt":"2026-01-29T11:27:10","slug":"teleinformatics-and-electronics-technology-center","status":"publish","type":"page","link":"https:\/\/itr.lukasiewicz.gov.pl\/en\/about-us\/teleinformatics-and-electronics-technology-center\/","title":{"rendered":"Teleinformatics and Electronics Technology Center<br>"},"content":{"rendered":"\t\t<div data-elementor-type=\"wp-page\" data-elementor-id=\"53632\" class=\"elementor elementor-53632 elementor-52359\" data-elementor-post-type=\"page\">\n\t\t\t\t<div class=\"elementor-element elementor-element-f42bdb7 e-flex e-con-boxed e-con e-parent\" data-id=\"f42bdb7\" data-element_type=\"container\" data-e-type=\"container\" data-settings=\"{&quot;background_background&quot;:&quot;classic&quot;}\">\n\t\t\t\t\t<div class=\"e-con-inner\">\n\t\t\t\t<div class=\"elementor-element elementor-element-43ef121 elementor-widget elementor-widget-text-editor\" data-id=\"43ef121\" data-element_type=\"widget\" data-e-type=\"widget\" data-widget_type=\"text-editor.default\">\n\t\t\t\t<div class=\"elementor-widget-container\">\n\t\t\t\t\t\t\t\t\t<p>The Teleinformatics and Electronics Technology Center specializes in the design, implementation, and development of advanced teleinformatics, electronics, Internet of Things (IoT), and data analytics solutions. The Institute focuses on delivering technologies for smart energy systems and industry. <\/p><p>Key areas of the Center\u2019s activity:<\/p><p> Research Group: Teleinformatics Systems<br><\/p><ul><li>design and implementation of web, mobile, and embedded system applications,<br><\/li><li>requirements analysis and concept development for Industry 4.0 solutions.<br><br><br><br><br>Research Group: Internet of Things \/ Smart Grid<br><br><br><\/li><li>intelligent sensors and devices for monitoring energy network parameters,<br><\/li><li>coreless current transformers CR\/CRR based on PCB technology and resistive voltage transformers Un 6\u201324\/\u221a3 kV UR,<\/li><li>projektowanie i produkcja urz\u0105dze\u0144 pomiarowych, zabezpieczeniowych i diagnostycznych zgodnych z norm\u0105 IEC\u202f61850.<br><br><p>Research Group: Applied Photonics<br><\/p><\/li><\/ul><ul><li>optoelectronic control and measurement systems tailored to individual customer needs,<\/li><li>interferometry and spectroscopy in the UV\u2013VIS\u2013IR range,<\/li><li>design of optical and fiber-optic systems,<br><\/li><li>telemedicine and telecommunication solutions,<br><\/li><li>diffractive optics and profilometry.<br><br><br><p>Research Group: Printed Circuit Board and Assembly Technologies<br><\/p><\/li><\/ul><ul><li>design and prototyping of printed circuit boards for devices operating in demanding environments,<br><\/li><li>advanced SMT\/THT assembly technologies, including anti-explosive protection and support in the production scale-up process.<br><\/li><\/ul><p>Within the Center, the following are also developed, among others:<br><\/p><ul><li>automation and control devices and intrinsically safe constructions,<br><\/li><li>equipment for operation in extreme environmental conditions,<br><\/li><li>switchgear protection and control automation,<br><\/li><li>time synchronization systems and remote control of power supply monitoring stations,<br><\/li><li>voltage signaling devices and transducers for various communication standards.<br><\/li><\/ul><p>Commercialization and R&amp;D activities<br><\/p><p>All solutions developed at the Research and Development Center are introduced to the market as commercialized products and services. Research and development activities cover electronic, teleinformatics, and power engineering systems, devices, and technologies ready for integration within Smart Grid networks. <\/p>\t\t\t\t\t\t\t\t<\/div>\n\t\t\t\t<\/div>\n\t\t\t\t\t<\/div>\n\t\t\t\t<\/div>\n\t\t\t\t<\/div>\n\t\t","protected":false},"excerpt":{"rendered":"<p>The Teleinformatics and Electronics Technology Center specializes in the design, implementation, and development of advanced teleinformatics, electronics, Internet of Things (IoT), and data analytics solutions. The Institute focuses on delivering technologies for smart energy systems and industry. Key areas of the Center\u2019s activity: Research Group: Teleinformatics Systems design and implementation of web, mobile, and embedded [&hellip;]<\/p>\n","protected":false},"author":230,"featured_media":0,"parent":53557,"menu_order":0,"comment_status":"closed","ping_status":"closed","template":"","meta":{"_acf_changed":false,"_seopress_robots_primary_cat":"","_seopress_titles_title":"","_seopress_titles_desc":"","_seopress_robots_index":"","inline_featured_image":false,"footnotes":""},"class_list":["post-53632","page","type-page","status-publish","hentry"],"acf":[],"publishpress_future_action":{"enabled":false,"date":"2026-04-27 18:51:03","action":"change-status","newStatus":"draft","terms":[],"taxonomy":"translation_priority","extraData":[]},"publishpress_future_workflow_manual_trigger":{"enabledWorkflows":[]},"_links":{"self":[{"href":"https:\/\/itr.lukasiewicz.gov.pl\/en\/wp-json\/wp\/v2\/pages\/53632","targetHints":{"allow":["GET"]}}],"collection":[{"href":"https:\/\/itr.lukasiewicz.gov.pl\/en\/wp-json\/wp\/v2\/pages"}],"about":[{"href":"https:\/\/itr.lukasiewicz.gov.pl\/en\/wp-json\/wp\/v2\/types\/page"}],"author":[{"embeddable":true,"href":"https:\/\/itr.lukasiewicz.gov.pl\/en\/wp-json\/wp\/v2\/users\/230"}],"replies":[{"embeddable":true,"href":"https:\/\/itr.lukasiewicz.gov.pl\/en\/wp-json\/wp\/v2\/comments?post=53632"}],"version-history":[{"count":1,"href":"https:\/\/itr.lukasiewicz.gov.pl\/en\/wp-json\/wp\/v2\/pages\/53632\/revisions"}],"predecessor-version":[{"id":53633,"href":"https:\/\/itr.lukasiewicz.gov.pl\/en\/wp-json\/wp\/v2\/pages\/53632\/revisions\/53633"}],"up":[{"embeddable":true,"href":"https:\/\/itr.lukasiewicz.gov.pl\/en\/wp-json\/wp\/v2\/pages\/53557"}],"wp:attachment":[{"href":"https:\/\/itr.lukasiewicz.gov.pl\/en\/wp-json\/wp\/v2\/media?parent=53632"}],"curies":[{"name":"wp","href":"https:\/\/api.w.org\/{rel}","templated":true}]}}