{"id":53559,"date":"2022-07-28T15:37:16","date_gmt":"2022-07-28T13:37:16","guid":{"rendered":"https:\/\/itr.lukasiewicz.gov.pl\/privacy-policy\/"},"modified":"2026-01-22T15:31:44","modified_gmt":"2026-01-22T14:31:44","slug":"privacy-policy","status":"publish","type":"page","link":"https:\/\/itr.lukasiewicz.gov.pl\/en\/privacy-policy\/","title":{"rendered":"Privacy Policy"},"content":{"rendered":"\t\t<div data-elementor-type=\"wp-page\" data-elementor-id=\"53559\" class=\"elementor elementor-53559 elementor-23569\" data-elementor-post-type=\"page\">\n\t\t\t\t\t\t<section class=\"elementor-section elementor-top-section elementor-element elementor-element-9c9909d elementor-section-boxed elementor-section-height-default elementor-section-height-default\" data-id=\"9c9909d\" data-element_type=\"section\" data-e-type=\"section\">\n\t\t\t\t\t\t<div class=\"elementor-container elementor-column-gap-default\">\n\t\t\t\t\t<div class=\"elementor-column elementor-col-100 elementor-top-column elementor-element elementor-element-e6ccb29\" data-id=\"e6ccb29\" data-element_type=\"column\" data-e-type=\"column\">\n\t\t\t<div class=\"elementor-widget-wrap elementor-element-populated\">\n\t\t\t\t\t\t\t<\/div>\n\t\t<\/div>\n\t\t\t\t\t<\/div>\n\t\t<\/section>\n\t\t\t\t<section class=\"elementor-section elementor-top-section elementor-element elementor-element-7e91918 elementor-section-boxed elementor-section-height-default elementor-section-height-default\" data-id=\"7e91918\" data-element_type=\"section\" data-e-type=\"section\">\n\t\t\t\t\t\t<div class=\"elementor-container elementor-column-gap-default\">\n\t\t\t\t\t<div class=\"elementor-column elementor-col-100 elementor-top-column elementor-element elementor-element-701bb2b\" data-id=\"701bb2b\" data-element_type=\"column\" data-e-type=\"column\">\n\t\t\t<div class=\"elementor-widget-wrap elementor-element-populated\">\n\t\t\t\t\t\t<div class=\"elementor-element elementor-element-d1de5b7 headers--small elementor-widget elementor-widget-text-editor\" data-id=\"d1de5b7\" data-element_type=\"widget\" data-e-type=\"widget\" data-widget_type=\"text-editor.default\">\n\t\t\t\t<div class=\"elementor-widget-container\">\n\t\t\t\t\t\t\t\t\t<p>Respecting your right to privacy, we provide information concerning the processing of personal data of persons using the website.<\/p><h2>Personal Data Administrator<\/h2><p>The Administrator of your personal data is the \u0141ukasiewicz Research Network \u2013 Institute of Tele- and Radio Technology, with its registered office in Warsaw, ul. Ratuszowa 11, 03-450 Warsaw, KRS: 0000851799 (\u0141ukasiewicz \u2013 ITR). <\/p><h2>Purpose of personal data processing<\/h2><p>Personal data are processed in order to enable users to use our website, in particular for contacting us or carrying out orders placed via our websites.<br>The legal basis for the processing of personal data may be the user\u2019s consent, performance of a contract, or fulfilment of a legal obligation. <\/p><h2>Data storage period<\/h2><p>Personal data are stored:<\/p><ul><li>for the duration of the contract, and after its completion for the period required by law,<\/li><li>for the period resulting from generally applicable legal regulations,<\/li><li>until the consent granted is withdrawn (if the legal basis for processing is consent).<\/li><\/ul><h2>Recipients of personal data<\/h2><p>Recipients of personal data may be:<\/p><ul><li>public authorities and entities performing public tasks or acting on behalf of public authorities, to the extent and for the purposes resulting from generally applicable legal provisions,<\/li><li>entities that provide services to the Personal Data Administrator, including in particular IT system service providers, accounting service providers, legal service providers, and other entities cooperating with \u0141ukasiewicz \u2013 ITR.<\/li><\/ul><h2>Your rights<\/h2><p>You have the right to:<\/p><ul><li>access the content of your personal data,<\/li><li>rectify personal data if the data are inaccurate or incomplete,<\/li><li>erase personal data processed unlawfully,<\/li><li>restrict the processing of personal data,<\/li><li>data portability in cases where this applies,<\/li><li>other rights resulting from generally applicable legal provisions.<\/li><\/ul><p>If personal data are processed on the basis of consent, you have the right to withdraw consent at any time, without affecting the lawfulness of processing carried out on the basis of consent before its withdrawal.<\/p><p>W przypadku, gdy uznaj\u0105 Pa\u0144stwo, \u017ce dane osobowe przetwarzane s\u0105 przez \u0141ukasiewicz &#8211; ITR w spos\u00f3b niezgodny z obowi\u0105zuj\u0105cymi przepisami przys\u0142uguje Pa\u0144stwu prawo wniesienia sprzeciwu wobec przetwarzania danych osobowych.<\/p><p>If you believe that the processing of your personal data violates the provisions of the GDPR, you have the right to lodge a complaint with the supervisory authority.<\/p><p>In matters concerning the protection of personal data, you may contact the Data Protection Officer via e-mail at: <a href=\"mailto:iod@itr.lukasiewicz.gov.pl\">iod@itrlukasiewicz.gov.pl<\/a><\/p><h2>Cookies<\/h2><p>The \u0141ukasiewicz \u2013 ITR website may use cookies and similar technologies such as Local Storage and Local Shared Objects. Cookies are text files saved on the user\u2019s device and are used to ensure the proper operation of the website. Cookies contain, among others, the name of the website they originate from, the time they are stored on the end device, and a unique identifier.  <\/p><h2>Cookie storage period<\/h2><p>Cookies used, due to the storage period in the browser, can be divided into \u201csession\u201d cookies and \u201cpersistent\u201d cookies.<br>\u201cSession\u201d cookies are stored on the user\u2019s device until logging out of the service or closing the web browser.<br>\u201cPersistent\u201d cookies remain stored on the user\u2019s device for the time specified in the parameters of a given cookie or until they are manually deleted by the user from the browser\u2019s memory.  <\/p><h2>Purpose for which cookies are used<\/h2><p>Information contained in cookies makes it possible to:<\/p><ul><li>adapt the operation of websites to users\u2019 preferences,<\/li><li>create statistics on the popularity of individual pages, thanks to which we can adjust the structure and content of our service to users\u2019 needs,<\/li><li>ensure secure use of the service by logged-in users through maintaining a session.<\/li><\/ul><h2>Cookies of external entities<\/h2><p>In order to collect aggregated and anonymous statistical data, cookies of entities providing analytical tools may be used on our website \u2013 Google Inc. with its registered office in the USA.<br>The obtained statistical data allow us to improve our service in accordance with users\u2019 preferences. <\/p><p>Our service may contain links to websites of external entities.<br>These entities have their own privacy policies, which users should read before using the websites of these entities. <\/p><h2>Possibility to disable cookies<\/h2><p>Most web browsers allow cookies to be placed in the memory of the user\u2019s device by default.<br>In each case, the user has the possibility to configure the browser in such a way that it asks the user for consent to place cookies in the device memory or blocks cookies entirely.<br>Disabling cookies by the user may cause difficulties in using websites.<br>Below are links to pages that provide information on how to manage cookies in the most popular web browsers:    <\/p><p><strong>Chrome:<\/strong> <a href=\"https:\/\/support.google.com\/chrome\/answer\/95647?hl=pl\">https:\/\/support.google.com\/chrome\/answer\/95647?hl=pl<\/a><\/p><p><strong>Edge:<\/strong> <a href=\"https:\/\/support.microsoft.com\/pl-pl\/microsoft-edge\/usuwanie-plik%C3%B3w-cookie-w-przegl%C4%85darce-microsoft-edge-63947406-40ac-c3b8-57b9-2a946a29ae09\">https:\/\/support.microsoft.com\/pl-pl\/microsoft-edge\/usuwanie-plik%C3%B3w-cookie-w-przegl%C4%85darce-microsoft-edge-63947406-40ac-c3b8-57b9-2a946a29ae09<\/a><\/p><p><strong>Firefox:<\/strong> <a href=\"https:\/\/support.mozilla.org\/pl\/kb\/ciasteczka\">https:\/\/support.mozilla.org\/pl\/kb\/ciasteczka<\/a><\/p><p><strong>Internet Explorer:<\/strong> <a href=\"https:\/\/support.microsoft.com\/pl-pl\/help\/17442\/windows-internet-explorer-delete-manage-cookies\">https:\/\/support.microsoft.com\/pl-pl\/help\/17442\/windows-internet-explorer-delete-manage-cookies<\/a><\/p><p><strong>Opera:<\/strong> <a href=\"https:\/\/help.opera.com\/pl\/latest\/web-preferences\/#cookies\">https:\/\/help.opera.com\/pl\/latest\/web-preferences\/#cookies<\/a><\/p><p><strong>Safari:<\/strong> <a href=\"https:\/\/support.apple.com\/pl-pl\/guide\/safari\/sfri11471\/mac\">https:\/\/support.apple.com\/pl-pl\/guide\/safari\/sfri11471\/mac<\/a><\/p><h2>Server logs<\/h2><p>For administrative purposes, our service records logs which contain, among others, information such as the user\u2019s computer IP address, connection time, HTTP protocol response codes, and the name of the user\u2019s browser.<br>Data contained in the logs enable us to obtain information about potential problems that may occur on our websites.  <\/p><h2>Possibility of introducing changes to the Privacy Policy<\/h2><p>We reserve the right to introduce changes to the Privacy Policy if required by legal regulations or changes introduced to our website.<br>In the event that changes are made, the updated Privacy Policy will be published on our website. <\/p>\t\t\t\t\t\t\t\t<\/div>\n\t\t\t\t<\/div>\n\t\t\t\t\t<\/div>\n\t\t<\/div>\n\t\t\t\t\t<\/div>\n\t\t<\/section>\n\t\t\t\t<\/div>\n\t\t","protected":false},"excerpt":{"rendered":"<p>Respecting your right to privacy, we provide information concerning the processing of personal data of persons using the website. Personal Data Administrator The Administrator of your personal data is the \u0141ukasiewicz Research Network \u2013 Institute of Tele- and Radio Technology, with its registered office in Warsaw, ul. Ratuszowa 11, 03-450 Warsaw, KRS: 0000851799 (\u0141ukasiewicz \u2013 [&hellip;]<\/p>\n","protected":false},"author":21,"featured_media":0,"parent":0,"menu_order":0,"comment_status":"closed","ping_status":"closed","template":"","meta":{"_acf_changed":false,"_seopress_robots_primary_cat":"","_seopress_titles_title":"","_seopress_titles_desc":"","_seopress_robots_index":"","inline_featured_image":false,"footnotes":""},"class_list":["post-53559","page","type-page","status-publish","hentry"],"acf":[],"publishpress_future_action":{"enabled":false,"date":"2026-04-27 17:10:43","action":"change-status","newStatus":"draft","terms":[],"taxonomy":"translation_priority","extraData":[]},"publishpress_future_workflow_manual_trigger":{"enabledWorkflows":[]},"_links":{"self":[{"href":"https:\/\/itr.lukasiewicz.gov.pl\/en\/wp-json\/wp\/v2\/pages\/53559","targetHints":{"allow":["GET"]}}],"collection":[{"href":"https:\/\/itr.lukasiewicz.gov.pl\/en\/wp-json\/wp\/v2\/pages"}],"about":[{"href":"https:\/\/itr.lukasiewicz.gov.pl\/en\/wp-json\/wp\/v2\/types\/page"}],"author":[{"embeddable":true,"href":"https:\/\/itr.lukasiewicz.gov.pl\/en\/wp-json\/wp\/v2\/users\/21"}],"replies":[{"embeddable":true,"href":"https:\/\/itr.lukasiewicz.gov.pl\/en\/wp-json\/wp\/v2\/comments?post=53559"}],"version-history":[{"count":1,"href":"https:\/\/itr.lukasiewicz.gov.pl\/en\/wp-json\/wp\/v2\/pages\/53559\/revisions"}],"predecessor-version":[{"id":53560,"href":"https:\/\/itr.lukasiewicz.gov.pl\/en\/wp-json\/wp\/v2\/pages\/53559\/revisions\/53560"}],"wp:attachment":[{"href":"https:\/\/itr.lukasiewicz.gov.pl\/en\/wp-json\/wp\/v2\/media?parent=53559"}],"curies":[{"name":"wp","href":"https:\/\/api.w.org\/{rel}","templated":true}]}}