{"id":53535,"date":"2025-07-18T17:57:16","date_gmt":"2025-07-18T15:57:16","guid":{"rendered":"https:\/\/itr.lukasiewicz.gov.pl\/ultrasonics\/"},"modified":"2026-01-21T11:21:59","modified_gmt":"2026-01-21T10:21:59","slug":"ultrasonics","status":"publish","type":"page","link":"https:\/\/itr.lukasiewicz.gov.pl\/en\/offer\/ultrasonics\/","title":{"rendered":"Ultrasonics"},"content":{"rendered":"\t\t<div data-elementor-type=\"wp-page\" data-elementor-id=\"53535\" class=\"elementor elementor-53535 elementor-48587\" data-elementor-post-type=\"page\">\n\t\t\t\t<div class=\"elementor-element elementor-element-e777cbd e-con-full e-flex e-con e-parent\" data-id=\"e777cbd\" data-element_type=\"container\" data-e-type=\"container\">\n\t\t\t\t<div class=\"elementor-element elementor-element-0f1cb9a elementor-widget__width-initial elementor-widget elementor-widget-video\" data-id=\"0f1cb9a\" data-element_type=\"widget\" data-e-type=\"widget\" data-settings=\"{&quot;youtube_url&quot;:&quot;https:\\\/\\\/www.youtube.com\\\/watch?v=tUdHETdfkp4&quot;,&quot;lazy_load&quot;:&quot;yes&quot;,&quot;video_type&quot;:&quot;youtube&quot;,&quot;controls&quot;:&quot;yes&quot;}\" data-widget_type=\"video.default\">\n\t\t\t\t<div class=\"elementor-widget-container\">\n\t\t\t\t\t\t\t<div class=\"elementor-wrapper elementor-open-inline\">\n\t\t\t<div class=\"elementor-video\"><\/div>\t\t<\/div>\n\t\t\t\t\t\t<\/div>\n\t\t\t\t<\/div>\n\t\t\t\t<div class=\"elementor-element elementor-element-1d0df2d elementor-widget elementor-widget-text-editor\" data-id=\"1d0df2d\" data-element_type=\"widget\" data-e-type=\"widget\" data-widget_type=\"text-editor.default\">\n\t\t\t\t<div class=\"elementor-widget-container\">\n\t\t\t\t\t\t\t\t\t<p>Our research work includes, among others:<\/p><ul><li>Development of methods for the selection of piezoceramic transducers as well as methods for diagnostics, monitoring, and ultrasonic testing of vibrating systems.<\/li><li>Development of technologies for ultrasonic welding and cutting of plastics and metals, as well as high-performance cutting processes.<\/li><li>Optymalizacji proces\u00f3w oczyszczania ultrad\u017awi\u0119kowego z zastosowaniem proekologicznych medi\u00f3w oczyszczaj\u0105cych<\/li><li>Development of ultrasonic riveting technology.<\/li><li>Development of a new generation of ultrasonic welding systems \u2013 Sonic Welder \u2013 for Industry 4.0, consisting of the following components:<ul><li>Sonic Blaster generators<\/li><li>Sonic Converter transducers<\/li><li>Sonic Booster amplifiers<\/li><li>Sonic Horn sonotrodes<\/li><\/ul><\/li><\/ul><p>The ultrasonic systems developed by us have been applied, among others, by leading manufacturers of welding installations (TWEETOP Sp. z o.o.), construction profiles (VICPLAST), and batteries and fuel cells (CubeCell Sp. z o.o.).<\/p><p>Modern ultrasonic systems designed for Industry 4.0 are fully developed and implemented at the Institute. They are based on advanced numerical modeling and analysis, including 3D modeling and numerical MES\/FEM analysis. The solutions applied are protected by numerous patents and have been awarded at international trade fairs (Innova Barcelona 2017). <\/p>\t\t\t\t\t\t\t\t<\/div>\n\t\t\t\t<\/div>\n\t\t<div class=\"elementor-element elementor-element-b28c776 e-con-full white-box-cut e-flex e-con e-child\" data-id=\"b28c776\" data-element_type=\"container\" data-e-type=\"container\" data-settings=\"{&quot;background_background&quot;:&quot;classic&quot;}\">\n\t\t\t\t<div class=\"elementor-element elementor-element-0fdbef6 elementor-widget elementor-widget-heading\" data-id=\"0fdbef6\" data-element_type=\"widget\" data-e-type=\"widget\" data-widget_type=\"heading.default\">\n\t\t\t\t<div class=\"elementor-widget-container\">\n\t\t\t\t\t<h2 class=\"elementor-heading-title elementor-size-default\">Learn more:<\/h2>\t\t\t\t<\/div>\n\t\t\t\t<\/div>\n\t\t\t\t<div class=\"elementor-element elementor-element-055f833 elementor-widget elementor-widget-text-editor\" data-id=\"055f833\" data-element_type=\"widget\" data-e-type=\"widget\" data-widget_type=\"text-editor.default\">\n\t\t\t\t<div class=\"elementor-widget-container\">\n\t\t\t\t\t\t\t\t\t<p>Marcin Kie\u0142basi\u0144ski<strong><br><\/strong><\/p>\t\t\t\t\t\t\t\t<\/div>\n\t\t\t\t<\/div>\n\t\t\t\t<div class=\"elementor-element elementor-element-aa8c824 elementor-position-inline-start elementor-mobile-position-inline-start elementor-view-default elementor-widget elementor-widget-icon-box\" data-id=\"aa8c824\" data-element_type=\"widget\" data-e-type=\"widget\" data-widget_type=\"icon-box.default\">\n\t\t\t\t<div class=\"elementor-widget-container\">\n\t\t\t\t\t\t\t<div class=\"elementor-icon-box-wrapper\">\n\n\t\t\t\t\t\t<div class=\"elementor-icon-box-icon\">\n\t\t\t\t<a href=\"tel:225907383\" class=\"elementor-icon\" tabindex=\"-1\" aria-label=\"22 590 73 83\">\n\t\t\t\t<i aria-hidden=\"true\" class=\"fas fa-phone-alt\"><\/i>\t\t\t\t<\/a>\n\t\t\t<\/div>\n\t\t\t\n\t\t\t\t\t\t<div class=\"elementor-icon-box-content\">\n\n\t\t\t\t\t\t\t\t\t<p class=\"elementor-icon-box-title\">\n\t\t\t\t\t\t<a href=\"tel:225907383\" >\n\t\t\t\t\t\t\t22 590 73 83\t\t\t\t\t\t<\/a>\n\t\t\t\t\t<\/p>\n\t\t\t\t\n\t\t\t\t\n\t\t\t<\/div>\n\t\t\t\n\t\t<\/div>\n\t\t\t\t\t\t<\/div>\n\t\t\t\t<\/div>\n\t\t\t\t<div class=\"elementor-element elementor-element-073df68 elementor-position-inline-start elementor-mobile-position-inline-start elementor-view-default elementor-widget elementor-widget-icon-box\" data-id=\"073df68\" data-element_type=\"widget\" data-e-type=\"widget\" data-widget_type=\"icon-box.default\">\n\t\t\t\t<div class=\"elementor-widget-container\">\n\t\t\t\t\t\t\t<div class=\"elementor-icon-box-wrapper\">\n\n\t\t\t\t\t\t<div class=\"elementor-icon-box-icon\">\n\t\t\t\t<a href=\"mailto:marcin.kielbasinski@itr.lukasiewicz.gov.pl\" class=\"elementor-icon\" tabindex=\"-1\" aria-label=\"marcin.kielbasinski@itr.lukasiewicz.gov.pl\">\n\t\t\t\t<i aria-hidden=\"true\" class=\"far fa-envelope\"><\/i>\t\t\t\t<\/a>\n\t\t\t<\/div>\n\t\t\t\n\t\t\t\t\t\t<div class=\"elementor-icon-box-content\">\n\n\t\t\t\t\t\t\t\t\t<p class=\"elementor-icon-box-title\">\n\t\t\t\t\t\t<a href=\"mailto:marcin.kielbasinski@itr.lukasiewicz.gov.pl\" >\n\t\t\t\t\t\t\tmarcin.kielbasinski@itr.lukasiewicz.gov.pl\t\t\t\t\t\t<\/a>\n\t\t\t\t\t<\/p>\n\t\t\t\t\n\t\t\t\t\n\t\t\t<\/div>\n\t\t\t\n\t\t<\/div>\n\t\t\t\t\t\t<\/div>\n\t\t\t\t<\/div>\n\t\t\t\t<\/div>\n\t\t\t\t<div class=\"elementor-element elementor-element-36b518c btn-icon--right elementor-align-justify elementor-widget__width-initial elementor-widget elementor-widget-button\" data-id=\"36b518c\" data-element_type=\"widget\" data-e-type=\"widget\" data-widget_type=\"button.default\">\n\t\t\t\t<div class=\"elementor-widget-container\">\n\t\t\t\t\t\t\t\t\t<div class=\"elementor-button-wrapper\">\n\t\t\t\t\t<a class=\"elementor-button elementor-button-link elementor-size-sm\" href=\"https:\/\/ultradzwieki.com\/\" target=\"_blank\">\n\t\t\t\t\t\t<span class=\"elementor-button-content-wrapper\">\n\t\t\t\t\t\t<span class=\"elementor-button-icon\">\n\t\t\t\t<i aria-hidden=\"true\" class=\"fas fa-external-link-alt\"><\/i>\t\t\t<\/span>\n\t\t\t\t\t\t\t\t\t<span class=\"elementor-button-text\">Our offer in the field of ultrasonic technologies<\/span>\n\t\t\t\t\t<\/span>\n\t\t\t\t\t<\/a>\n\t\t\t\t<\/div>\n\t\t\t\t\t\t\t\t<\/div>\n\t\t\t\t<\/div>\n\t\t\t\t<\/div>\n\t\t\t\t<\/div>\n\t\t","protected":false},"excerpt":{"rendered":"<p>https:\/\/www.youtube.com\/watch?v=tUdHETdfkp4 Our research work includes, among others: Development of methods for the selection of piezoceramic transducers as well as methods for diagnostics, monitoring, and ultrasonic testing of vibrating systems. Development of technologies for ultrasonic welding and cutting of plastics and metals, as well as high-performance cutting processes. Optymalizacji proces\u00f3w oczyszczania ultrad\u017awi\u0119kowego z zastosowaniem proekologicznych medi\u00f3w [&hellip;]<\/p>\n","protected":false},"author":208,"featured_media":0,"parent":53551,"menu_order":0,"comment_status":"closed","ping_status":"closed","template":"","meta":{"_acf_changed":false,"_seopress_robots_primary_cat":"","_seopress_titles_title":"","_seopress_titles_desc":"","_seopress_robots_index":"","inline_featured_image":false,"footnotes":""},"class_list":["post-53535","page","type-page","status-publish","hentry"],"acf":[],"publishpress_future_action":{"enabled":false,"date":"2026-04-27 18:30:50","action":"change-status","newStatus":"draft","terms":[],"taxonomy":"translation_priority","extraData":[]},"publishpress_future_workflow_manual_trigger":{"enabledWorkflows":[]},"_links":{"self":[{"href":"https:\/\/itr.lukasiewicz.gov.pl\/en\/wp-json\/wp\/v2\/pages\/53535","targetHints":{"allow":["GET"]}}],"collection":[{"href":"https:\/\/itr.lukasiewicz.gov.pl\/en\/wp-json\/wp\/v2\/pages"}],"about":[{"href":"https:\/\/itr.lukasiewicz.gov.pl\/en\/wp-json\/wp\/v2\/types\/page"}],"author":[{"embeddable":true,"href":"https:\/\/itr.lukasiewicz.gov.pl\/en\/wp-json\/wp\/v2\/users\/208"}],"replies":[{"embeddable":true,"href":"https:\/\/itr.lukasiewicz.gov.pl\/en\/wp-json\/wp\/v2\/comments?post=53535"}],"version-history":[{"count":1,"href":"https:\/\/itr.lukasiewicz.gov.pl\/en\/wp-json\/wp\/v2\/pages\/53535\/revisions"}],"predecessor-version":[{"id":53536,"href":"https:\/\/itr.lukasiewicz.gov.pl\/en\/wp-json\/wp\/v2\/pages\/53535\/revisions\/53536"}],"up":[{"embeddable":true,"href":"https:\/\/itr.lukasiewicz.gov.pl\/en\/wp-json\/wp\/v2\/pages\/53551"}],"wp:attachment":[{"href":"https:\/\/itr.lukasiewicz.gov.pl\/en\/wp-json\/wp\/v2\/media?parent=53535"}],"curies":[{"name":"wp","href":"https:\/\/api.w.org\/{rel}","templated":true}]}}