{"id":53485,"date":"2022-07-28T15:05:11","date_gmt":"2022-07-28T13:05:11","guid":{"rendered":"https:\/\/itr.lukasiewicz.gov.pl\/accessibility-declaration\/"},"modified":"2026-01-14T10:52:46","modified_gmt":"2026-01-14T09:52:46","slug":"accessibility-declaration","status":"publish","type":"page","link":"https:\/\/itr.lukasiewicz.gov.pl\/en\/accessibility-declaration\/","title":{"rendered":"Accessibility declaration"},"content":{"rendered":"\t\t<div data-elementor-type=\"wp-page\" data-elementor-id=\"53485\" class=\"elementor elementor-53485 elementor-23559\" data-elementor-post-type=\"page\">\n\t\t\t\t<div class=\"elementor-element elementor-element-192f34f e-flex e-con-boxed e-con e-parent\" data-id=\"192f34f\" data-element_type=\"container\" data-e-type=\"container\">\n\t\t\t\t\t<div class=\"e-con-inner\">\n\t\t\t\t<div class=\"elementor-element elementor-element-62bf5f8 elementor-widget elementor-widget-heading\" data-id=\"62bf5f8\" data-element_type=\"widget\" data-e-type=\"widget\" data-widget_type=\"heading.default\">\n\t\t\t\t<div class=\"elementor-widget-container\">\n\t\t\t\t\t<h1 class=\"elementor-heading-title elementor-size-default\">Accessibility declaration<\/h1>\t\t\t\t<\/div>\n\t\t\t\t<\/div>\n\t\t\t\t\t<\/div>\n\t\t\t\t<\/div>\n\t\t<div class=\"elementor-element elementor-element-7ff12dc e-flex e-con-boxed e-con e-parent\" data-id=\"7ff12dc\" data-element_type=\"container\" data-e-type=\"container\">\n\t\t\t\t\t<div class=\"e-con-inner\">\n\t\t\t\t<div class=\"elementor-element elementor-element-7472bb9 elementor-widget elementor-widget-html\" data-id=\"7472bb9\" data-element_type=\"widget\" data-e-type=\"widget\" data-widget_type=\"html.default\">\n\t\t\t\t<div class=\"elementor-widget-container\">\n\t\t\t\t\t<div class=\"wcag-declaration__container\">\n    <h2>Accessibility Statement<\/h2>\n    <p id=\"a11y-wstep\">\n        <strong><span id=\"a11y-podmiot\">Sie\u0107 Badawcza \u0141ukasiewicz - Instytut Tele- i Radiotechniczny<\/span><\/strong>\nzobowi\u0105zuje si\u0119 zapewni\u0107 dost\u0119pno\u015b\u0107 strony internetowej\n<strong><a id=\"a11y-url\" href=\"https:\/\/itr.lukasiewicz.gov.pl\/en\/\">itr.lukasiewicz.gov.pl<\/a><\/strong>\n        <span id=\"a11y-zakres\">zgodnie z ustaw\u0105 z dnia 4 kwietnia 2019 r. o dost\u0119pno\u015bci cyfrowej stron\ninternetowych i aplikacji mobilnych podmiot\u00f3w publicznych. <\/span>\n    <\/p>\n    <ul>\n        <li>\n Date of publication of the website:\n11 August 2025\n        <\/li>\n        <li>\n Date of the last major update:\n11 August 2025\n        <\/li>\n    <\/ul>\n    <h2>Date of the last major update:<br>11 August 2025<\/h2>\n    <p id=\"a11y-status\">\n The website is partially compliant with the Act on the digital accessibility of websites and mobile applications of public sector entities.\n    <\/p>\n    <h2>Preparation of the accessibility declaration<\/h2>\n    <p>\n The declaration was prepared on:\n11 August 2025\n    <\/p>\n    <p>\n The declaration was prepared on the basis of a self-assessment carried out by the Institute. Standard keyboard shortcuts cannot be used on the website. Accessibility features for the website content are available in the package provided by the manufacturer of the web browser or the computer operating system.  \n    <\/p>\n    <h2>Feedback and contact details<\/h2>\n    <h3>Handling of requests and complaints related to accessibility<\/h3>\n    <p>In the event of problems with the accessibility of the website, please contact us. The person responsible is: <\/p>\n    <ul>\n        <li><span id=\"a11y-kontakt\">Tomasz G\u0142uszak<\/span><\/li>\n        <li><span id=\"a11y-email\"><a href=\"mailto:tomasz.gluszak@itr.lukasiewicz.gov.pl\">tomasz.gluszak@itr.lukasiewicz.gov.pl<\/a><\/span>\n        <\/li>\n        <li><span id=\"a11y-telefon\"><a href=\"tel:+48609030798\">+48 609 030 798<\/a><\/span><\/li>\n    <\/ul>\n\n    <p>Using the same channel, it is also possible to submit requests for access to inaccessible information and to submit requests to ensure accessibility.<\/p>\n\n    <\/ul>\n    <p id=\"a11y-procedura\">Using the same channel, it is also possible to submit requests for access to inaccessible information and to submit requests to ensure accessibility. It is also possible to request access to information using an alternative means of access, for example by having a digitally inaccessible document read aloud, or by having the content of a video without audio description described, etc.<\/p>\n    <p>The request must include:<\/p>\n    <ul>\n        <li>the contact details of the person submitting the request,<\/li>\n        <li>an indication of the website or website element to which the request relates,<\/li>\n        <li>\n an indication of a convenient form of providing the information, if the request concerns access in an alternative form to information that is inaccessible.\n        <\/li>\n    <\/ul>\n    <p>\n The Institute declares that it will fulfill the request within 7 days from the date of its submission. If meeting this deadline is not possible, the Institute will promptly inform the person submitting the request of the possible date of its completion. If ensuring digital accessibility is not possible, the Institute may propose an alternative means of access to the information. \n    <\/p>\n    <h3>Complaints and appeals<\/h3>\n    <p>\n In the event of failure to meet these deadlines or refusal to fulfill the request, a complaint may be submitted to the supervisory authority by post or electronically to the following address:\n    <\/p>\n    <p>\u0141ukasiewicz Research Network \u2013 Tele and Radio Research Institute<br>11 Ratuszowa Street<br>03-450 Warsaw<br>Poland <\/p>\n    <p>In the event that the Institute refuses to fulfill a request to ensure accessibility or an alternative means of access to information, the person submitting the request may file a complaint regarding the provision of digital accessibility of the website or a website element.<\/p>\n    <p>After exhausting the procedure indicated above, an application may also be submitted to the Commissioner for Human Rights.\nAddress: Office of the Commissioner for Human Rights,\n77 Solidarno\u015bci Avenue, 00-090\nWarsaw.. E-mail: biurorzecznika@brpo.gov.pl Telefon: +48 22 55 17 700<a href=\"https:\/\/www.rpo.gov.pl\/content\/jak-zglosic-sie-do-rzecznika-praw-obywatelskich\" target=\"_blank\" rel=\"noopener\"> https:\/\/www.rpo.gov.pl\/content\/jak-zglosic-sie-do-rzecznika-praw-obywatelskich<\/a> <a href=\"mailto:biurorzecznika@brpo.gov.pl\">mailto:biurorzecznika@brpo.gov.pl<\/a> <a href=\"tel:+48225517700\">tel:+48225517700<\/a>\n    <\/p>\n    <h2>Additional information<\/h2>\n    <h3 id=\"a11y-architektura\">Architectural accessibility<\/h3>\n    <p>\n The headquarters of the \u0141ukasiewicz Research Network \u2013 Tele and Radio Research Institute is located at 11 Ratuszowa Street in Warsaw. \n    <\/p>\n    <ul>\n        <li>The main entrance to the building is located on Ratuszowa Street and is marked with a sign bearing the name of the Institute placed on the fa\u00e7ade. The entrance has double-leaf doors with a width of over 90 cm and a vestibule. From the vestibule, the reception desk is located straight ahead. The floor is at ground level. There is no threshold.    <\/li>\n        <li>The main buildings are equipped with staircases as well as passenger and freight elevators.<\/li>\n        <li>The main buildings are equipped with staircases as well as passenger and freight elevators.<\/li>\n        <li>The main buildings are equipped with staircases as well as passenger and freight elevators.<\/li>\n        <li>Designated parking spaces for persons with disabilities are located directly in front of the main entrance to the building.<\/li>\n        <li>The building can be entered with an assistance dog.<\/li>\n    <\/ul>\n    <section id=\"a11y-komunikacja\">\n        <h3>Communication and information accessibility<\/h3>\n        <p>The Institute does not provide the possibility of using a sign language interpreter.<\/p>\n        <p>The Institute does not have an audio guidance system for blind or visually impaired persons \u2013 there are no induction loops.<\/p>\n    <\/section>\n<\/div>\t\t\t\t<\/div>\n\t\t\t\t<\/div>\n\t\t\t\t\t<\/div>\n\t\t\t\t<\/div>\n\t\t\t\t<\/div>\n\t\t","protected":false},"excerpt":{"rendered":"<p>Accessibility declaration Accessibility Statement Sie\u0107 Badawcza \u0141ukasiewicz &#8211; Instytut Tele- i Radiotechniczny zobowi\u0105zuje si\u0119 zapewni\u0107 dost\u0119pno\u015b\u0107 strony internetowej itr.lukasiewicz.gov.pl zgodnie z ustaw\u0105 z dnia 4 kwietnia 2019 r. o dost\u0119pno\u015bci cyfrowej stron internetowych i aplikacji mobilnych podmiot\u00f3w publicznych. Date of publication of the website: 11 August 2025 Date of the last major update: 11 August [&hellip;]<\/p>\n","protected":false},"author":21,"featured_media":0,"parent":0,"menu_order":0,"comment_status":"closed","ping_status":"closed","template":"","meta":{"_acf_changed":false,"_seopress_robots_primary_cat":"","_seopress_titles_title":"Accessibility Declaration","_seopress_titles_desc":"Read our Accessibility Declaration and learn how we ensure that our website is accessible to all users.","_seopress_robots_index":"","inline_featured_image":false,"footnotes":""},"class_list":["post-53485","page","type-page","status-publish","hentry"],"acf":[],"publishpress_future_action":{"enabled":false,"date":"2026-04-27 15:40:59","action":"change-status","newStatus":"draft","terms":[],"taxonomy":"translation_priority","extraData":[]},"publishpress_future_workflow_manual_trigger":{"enabledWorkflows":[]},"_links":{"self":[{"href":"https:\/\/itr.lukasiewicz.gov.pl\/en\/wp-json\/wp\/v2\/pages\/53485","targetHints":{"allow":["GET"]}}],"collection":[{"href":"https:\/\/itr.lukasiewicz.gov.pl\/en\/wp-json\/wp\/v2\/pages"}],"about":[{"href":"https:\/\/itr.lukasiewicz.gov.pl\/en\/wp-json\/wp\/v2\/types\/page"}],"author":[{"embeddable":true,"href":"https:\/\/itr.lukasiewicz.gov.pl\/en\/wp-json\/wp\/v2\/users\/21"}],"replies":[{"embeddable":true,"href":"https:\/\/itr.lukasiewicz.gov.pl\/en\/wp-json\/wp\/v2\/comments?post=53485"}],"version-history":[{"count":5,"href":"https:\/\/itr.lukasiewicz.gov.pl\/en\/wp-json\/wp\/v2\/pages\/53485\/revisions"}],"predecessor-version":[{"id":53490,"href":"https:\/\/itr.lukasiewicz.gov.pl\/en\/wp-json\/wp\/v2\/pages\/53485\/revisions\/53490"}],"wp:attachment":[{"href":"https:\/\/itr.lukasiewicz.gov.pl\/en\/wp-json\/wp\/v2\/media?parent=53485"}],"curies":[{"name":"wp","href":"https:\/\/api.w.org\/{rel}","templated":true}]}}