{"id":53478,"date":"2024-11-19T11:23:03","date_gmt":"2024-11-19T10:23:03","guid":{"rendered":"https:\/\/itr.lukasiewicz.gov.pl\/whats-new-with-us\/"},"modified":"2026-01-09T11:25:10","modified_gmt":"2026-01-09T10:25:10","slug":"whats-new-with-us","status":"publish","type":"page","link":"https:\/\/itr.lukasiewicz.gov.pl\/en\/whats-new-with-us\/","title":{"rendered":"What\u2019s new with us?"},"content":{"rendered":"\t\t<div data-elementor-type=\"wp-page\" data-elementor-id=\"53478\" class=\"elementor elementor-53478 elementor-42121\" data-elementor-post-type=\"page\">\n\t\t\t\t\t\t<section class=\"elementor-section elementor-top-section elementor-element elementor-element-51e19bf elementor-section-boxed elementor-section-height-default elementor-section-height-default\" data-id=\"51e19bf\" data-element_type=\"section\" data-e-type=\"section\">\n\t\t\t\t\t\t<div class=\"elementor-container elementor-column-gap-default\">\n\t\t\t\t\t<div class=\"elementor-column elementor-col-100 elementor-top-column elementor-element elementor-element-5da5dc2\" data-id=\"5da5dc2\" data-element_type=\"column\" data-e-type=\"column\">\n\t\t\t<div class=\"elementor-widget-wrap elementor-element-populated\">\n\t\t\t\t\t\t<div class=\"elementor-element elementor-element-33bd6e7 elementor-widget elementor-widget-heading\" data-id=\"33bd6e7\" data-element_type=\"widget\" data-e-type=\"widget\" data-widget_type=\"heading.default\">\n\t\t\t\t<div class=\"elementor-widget-container\">\n\t\t\t\t\t<h2 class=\"elementor-heading-title elementor-size-default\">News<\/h2>\t\t\t\t<\/div>\n\t\t\t\t<\/div>\n\t\t\t\t\t<\/div>\n\t\t<\/div>\n\t\t\t\t\t<\/div>\n\t\t<\/section>\n\t\t\t\t<section class=\"elementor-section elementor-top-section elementor-element elementor-element-11aee96 elementor-section-boxed elementor-section-height-default elementor-section-height-default\" data-id=\"11aee96\" data-element_type=\"section\" data-e-type=\"section\">\n\t\t\t\t\t\t<div class=\"elementor-container elementor-column-gap-default\">\n\t\t\t\t\t<div class=\"elementor-column elementor-col-100 elementor-top-column elementor-element elementor-element-7f5f9df\" data-id=\"7f5f9df\" data-element_type=\"column\" data-e-type=\"column\">\n\t\t\t<div class=\"elementor-widget-wrap elementor-element-populated\">\n\t\t\t\t\t\t<div class=\"elementor-element elementor-element-cbea6d4 elementor-widget elementor-widget-news_list_with_filters\" data-id=\"cbea6d4\" data-element_type=\"widget\" data-e-type=\"widget\" data-widget_type=\"news_list_with_filters.default\">\n\t\t\t\t<div class=\"elementor-widget-container\">\n\t\t\t\t\t<div class=\"row\"><div class=\"col-12 text-md-center mb-4 mb-lg-5\"><\/div><div class=\"col-12 col-lg-8\"><ul class=\"nlwfw-posts__list\"><li class=\"nlwfw-posts__item\"><div class=\"row\"><div><span class=\"nspw-category-name-mobile\">News<\/span><\/div><\/div><div class=\"nlwfw-posts__item-thumbnail\"><figure class=\"ratio ratio-4x3 overflow-hidden\"><img fetchpriority=\"high\" decoding=\"async\" width=\"1200\" height=\"900\" src=\"https:\/\/itr.lukasiewicz.gov.pl\/wp-content\/uploads\/sites\/48\/2026\/01\/617130539_1297839742378277_92850266587350625_n-1200x900.jpg\" class=\"attachment-post-thumbnail size-post-thumbnail wp-post-image\" alt=\"\" srcset=\"https:\/\/itr.lukasiewicz.gov.pl\/wp-content\/uploads\/sites\/48\/2026\/01\/617130539_1297839742378277_92850266587350625_n-1200x900.jpg 1200w, https:\/\/itr.lukasiewicz.gov.pl\/wp-content\/uploads\/sites\/48\/2026\/01\/617130539_1297839742378277_92850266587350625_n-300x225.jpg 300w, https:\/\/itr.lukasiewicz.gov.pl\/wp-content\/uploads\/sites\/48\/2026\/01\/617130539_1297839742378277_92850266587350625_n-1024x768.jpg 1024w, https:\/\/itr.lukasiewicz.gov.pl\/wp-content\/uploads\/sites\/48\/2026\/01\/617130539_1297839742378277_92850266587350625_n-768x576.jpg 768w, https:\/\/itr.lukasiewicz.gov.pl\/wp-content\/uploads\/sites\/48\/2026\/01\/617130539_1297839742378277_92850266587350625_n-1536x1152.jpg 1536w, https:\/\/itr.lukasiewicz.gov.pl\/wp-content\/uploads\/sites\/48\/2026\/01\/617130539_1297839742378277_92850266587350625_n-1980x1485.jpg 1980w, https:\/\/itr.lukasiewicz.gov.pl\/wp-content\/uploads\/sites\/48\/2026\/01\/617130539_1297839742378277_92850266587350625_n-24x18.jpg 24w, https:\/\/itr.lukasiewicz.gov.pl\/wp-content\/uploads\/sites\/48\/2026\/01\/617130539_1297839742378277_92850266587350625_n-36x27.jpg 36w, https:\/\/itr.lukasiewicz.gov.pl\/wp-content\/uploads\/sites\/48\/2026\/01\/617130539_1297839742378277_92850266587350625_n-48x36.jpg 48w, https:\/\/itr.lukasiewicz.gov.pl\/wp-content\/uploads\/sites\/48\/2026\/01\/617130539_1297839742378277_92850266587350625_n.jpg 2048w\" sizes=\"(max-width: 1200px) 100vw, 1200px\" \/><\/figure><\/div><div class=\"nlwfw-posts__item-content\"><div class=\"mb-3 d-flex flex-wrap align-items-center\"><a class=\"nlwfw-posts__item-category me-3\" href=\"https:\/\/itr.lukasiewicz.gov.pl\/en\/students-from-warsaw-university-of-technology-visit-our-institute\/?c=135\"><span>News<\/span><\/a><span class=\"nlwfw-posts__item-date\">29 Jan 2026<\/span><span class=\"nlwfw-posts__item-read-time\">3 min<\/span><\/div><a href=\"https:\/\/itr.lukasiewicz.gov.pl\/en\/students-from-warsaw-university-of-technology-visit-our-institute\/\"><h3 class=\"nlwfw-posts__item-title\">Students from Warsaw University of Technology visit our Institute<\/h3><div class=\"nlwfw-posts__item-description\"><\/div><\/div><\/a><\/li><li class=\"nlwfw-posts__item\"><div class=\"row\"><div><span class=\"nspw-category-name-mobile\">News<\/span><\/div><\/div><div class=\"nlwfw-posts__item-thumbnail\"><figure class=\"ratio ratio-4x3 overflow-hidden\"><img decoding=\"async\" width=\"1125\" height=\"1125\" src=\"https:\/\/itr.lukasiewicz.gov.pl\/wp-content\/uploads\/sites\/48\/2025\/12\/Green-Watercolor-Illustrated-Merry-Christmas-Card.jpg\" class=\"attachment-post-thumbnail size-post-thumbnail wp-post-image\" alt=\"\" srcset=\"https:\/\/itr.lukasiewicz.gov.pl\/wp-content\/uploads\/sites\/48\/2025\/12\/Green-Watercolor-Illustrated-Merry-Christmas-Card.jpg 1125w, https:\/\/itr.lukasiewicz.gov.pl\/wp-content\/uploads\/sites\/48\/2025\/12\/Green-Watercolor-Illustrated-Merry-Christmas-Card-300x300.jpg 300w, https:\/\/itr.lukasiewicz.gov.pl\/wp-content\/uploads\/sites\/48\/2025\/12\/Green-Watercolor-Illustrated-Merry-Christmas-Card-1024x1024.jpg 1024w, https:\/\/itr.lukasiewicz.gov.pl\/wp-content\/uploads\/sites\/48\/2025\/12\/Green-Watercolor-Illustrated-Merry-Christmas-Card-150x150.jpg 150w, https:\/\/itr.lukasiewicz.gov.pl\/wp-content\/uploads\/sites\/48\/2025\/12\/Green-Watercolor-Illustrated-Merry-Christmas-Card-768x768.jpg 768w, https:\/\/itr.lukasiewicz.gov.pl\/wp-content\/uploads\/sites\/48\/2025\/12\/Green-Watercolor-Illustrated-Merry-Christmas-Card-1000x1000.jpg 1000w, https:\/\/itr.lukasiewicz.gov.pl\/wp-content\/uploads\/sites\/48\/2025\/12\/Green-Watercolor-Illustrated-Merry-Christmas-Card-24x24.jpg 24w, https:\/\/itr.lukasiewicz.gov.pl\/wp-content\/uploads\/sites\/48\/2025\/12\/Green-Watercolor-Illustrated-Merry-Christmas-Card-36x36.jpg 36w, https:\/\/itr.lukasiewicz.gov.pl\/wp-content\/uploads\/sites\/48\/2025\/12\/Green-Watercolor-Illustrated-Merry-Christmas-Card-48x48.jpg 48w\" sizes=\"(max-width: 1125px) 100vw, 1125px\" \/><\/figure><\/div><div class=\"nlwfw-posts__item-content\"><div class=\"mb-3 d-flex flex-wrap align-items-center\"><a class=\"nlwfw-posts__item-category me-3\" href=\"https:\/\/itr.lukasiewicz.gov.pl\/en\/merry-christmas-and-a-happy-new-year\/?c=135\"><span>News<\/span><\/a><span class=\"nlwfw-posts__item-date\">23 Dec 2025<\/span><span class=\"nlwfw-posts__item-read-time\">3 min<\/span><\/div><a href=\"https:\/\/itr.lukasiewicz.gov.pl\/en\/merry-christmas-and-a-happy-new-year\/\"><h3 class=\"nlwfw-posts__item-title\">Merry Christmas and a Happy New Year!<\/h3><div class=\"nlwfw-posts__item-description\"><\/div><\/div><\/a><\/li><li class=\"nlwfw-posts__item\"><div class=\"row\"><div><span class=\"nspw-category-name-mobile\">News<\/span><\/div><\/div><div class=\"nlwfw-posts__item-thumbnail\"><figure class=\"ratio ratio-4x3 overflow-hidden\"><img decoding=\"async\" width=\"1200\" height=\"540\" src=\"https:\/\/itr.lukasiewicz.gov.pl\/wp-content\/uploads\/sites\/48\/2025\/11\/1763465995525-1-1200x540.jpg\" class=\"attachment-post-thumbnail size-post-thumbnail wp-post-image\" alt=\"\" srcset=\"https:\/\/itr.lukasiewicz.gov.pl\/wp-content\/uploads\/sites\/48\/2025\/11\/1763465995525-1-1200x540.jpg 1200w, https:\/\/itr.lukasiewicz.gov.pl\/wp-content\/uploads\/sites\/48\/2025\/11\/1763465995525-1-300x135.jpg 300w, https:\/\/itr.lukasiewicz.gov.pl\/wp-content\/uploads\/sites\/48\/2025\/11\/1763465995525-1-1024x461.jpg 1024w, https:\/\/itr.lukasiewicz.gov.pl\/wp-content\/uploads\/sites\/48\/2025\/11\/1763465995525-1-768x346.jpg 768w, https:\/\/itr.lukasiewicz.gov.pl\/wp-content\/uploads\/sites\/48\/2025\/11\/1763465995525-1-1536x691.jpg 1536w, https:\/\/itr.lukasiewicz.gov.pl\/wp-content\/uploads\/sites\/48\/2025\/11\/1763465995525-1-2048x922.jpg 2048w, https:\/\/itr.lukasiewicz.gov.pl\/wp-content\/uploads\/sites\/48\/2025\/11\/1763465995525-1-1980x891.jpg 1980w, https:\/\/itr.lukasiewicz.gov.pl\/wp-content\/uploads\/sites\/48\/2025\/11\/1763465995525-1-24x11.jpg 24w, https:\/\/itr.lukasiewicz.gov.pl\/wp-content\/uploads\/sites\/48\/2025\/11\/1763465995525-1-36x16.jpg 36w, https:\/\/itr.lukasiewicz.gov.pl\/wp-content\/uploads\/sites\/48\/2025\/11\/1763465995525-1-48x22.jpg 48w\" sizes=\"(max-width: 1200px) 100vw, 1200px\" \/><\/figure><\/div><div class=\"nlwfw-posts__item-content\"><div class=\"mb-3 d-flex flex-wrap align-items-center\"><a class=\"nlwfw-posts__item-category me-3\" href=\"https:\/\/itr.lukasiewicz.gov.pl\/en\/lukasiewicz-itr-at-energetics-2025\/?c=135\"><span>News<\/span><\/a><span class=\"nlwfw-posts__item-date\">27 Nov 2025<\/span><span class=\"nlwfw-posts__item-read-time\">3 min<\/span><\/div><a href=\"https:\/\/itr.lukasiewicz.gov.pl\/en\/lukasiewicz-itr-at-energetics-2025\/\"><h3 class=\"nlwfw-posts__item-title\">Lukasiewicz - ITR at Energetics 2025<\/h3><div class=\"nlwfw-posts__item-description\"><\/div><\/div><\/a><\/li><li class=\"nlwfw-posts__item\"><div class=\"row\"><div><span class=\"nspw-category-name-mobile\">News<\/span><\/div><\/div><div class=\"nlwfw-posts__item-thumbnail\"><figure class=\"ratio ratio-4x3 overflow-hidden\"><img loading=\"lazy\" decoding=\"async\" width=\"1200\" height=\"1600\" src=\"https:\/\/itr.lukasiewicz.gov.pl\/wp-content\/uploads\/sites\/48\/2025\/10\/569051261_1226179549544297_2870888697287483081_n-1200x1600.jpg\" class=\"attachment-post-thumbnail size-post-thumbnail wp-post-image\" alt=\"\" srcset=\"https:\/\/itr.lukasiewicz.gov.pl\/wp-content\/uploads\/sites\/48\/2025\/10\/569051261_1226179549544297_2870888697287483081_n-1200x1600.jpg 1200w, https:\/\/itr.lukasiewicz.gov.pl\/wp-content\/uploads\/sites\/48\/2025\/10\/569051261_1226179549544297_2870888697287483081_n-225x300.jpg 225w, https:\/\/itr.lukasiewicz.gov.pl\/wp-content\/uploads\/sites\/48\/2025\/10\/569051261_1226179549544297_2870888697287483081_n-768x1024.jpg 768w, https:\/\/itr.lukasiewicz.gov.pl\/wp-content\/uploads\/sites\/48\/2025\/10\/569051261_1226179549544297_2870888697287483081_n-1152x1536.jpg 1152w, https:\/\/itr.lukasiewicz.gov.pl\/wp-content\/uploads\/sites\/48\/2025\/10\/569051261_1226179549544297_2870888697287483081_n-18x24.jpg 18w, https:\/\/itr.lukasiewicz.gov.pl\/wp-content\/uploads\/sites\/48\/2025\/10\/569051261_1226179549544297_2870888697287483081_n-27x36.jpg 27w, https:\/\/itr.lukasiewicz.gov.pl\/wp-content\/uploads\/sites\/48\/2025\/10\/569051261_1226179549544297_2870888697287483081_n-36x48.jpg 36w, https:\/\/itr.lukasiewicz.gov.pl\/wp-content\/uploads\/sites\/48\/2025\/10\/569051261_1226179549544297_2870888697287483081_n.jpg 1536w\" sizes=\"(max-width: 1200px) 100vw, 1200px\" \/><\/figure><\/div><div class=\"nlwfw-posts__item-content\"><div class=\"mb-3 d-flex flex-wrap align-items-center\"><a class=\"nlwfw-posts__item-category me-3\" href=\"https:\/\/itr.lukasiewicz.gov.pl\/en\/lukasiewicz-itr-at-evertiq-expo-2025-in-warsaw-poland\/?c=135\"><span>News<\/span><\/a><span class=\"nlwfw-posts__item-date\">29 Oct 2025<\/span><span class=\"nlwfw-posts__item-read-time\">3 min<\/span><\/div><a href=\"https:\/\/itr.lukasiewicz.gov.pl\/en\/lukasiewicz-itr-at-evertiq-expo-2025-in-warsaw-poland\/\"><h3 class=\"nlwfw-posts__item-title\">Lukasiewicz-ITR at Evertiq Expo 2025 in Warsaw, Poland<\/h3><div class=\"nlwfw-posts__item-description\"><\/div><\/div><\/a><\/li><li class=\"nlwfw-posts__item\"><div class=\"row\"><div><span class=\"nspw-category-name-mobile\">News<\/span><\/div><\/div><div class=\"nlwfw-posts__item-thumbnail\"><figure class=\"ratio ratio-4x3 overflow-hidden\"><img loading=\"lazy\" decoding=\"async\" width=\"800\" height=\"600\" src=\"https:\/\/itr.lukasiewicz.gov.pl\/wp-content\/uploads\/sites\/48\/2025\/09\/1758023830789.jpg\" class=\"attachment-post-thumbnail size-post-thumbnail wp-post-image\" alt=\"\" srcset=\"https:\/\/itr.lukasiewicz.gov.pl\/wp-content\/uploads\/sites\/48\/2025\/09\/1758023830789.jpg 800w, https:\/\/itr.lukasiewicz.gov.pl\/wp-content\/uploads\/sites\/48\/2025\/09\/1758023830789-300x225.jpg 300w, https:\/\/itr.lukasiewicz.gov.pl\/wp-content\/uploads\/sites\/48\/2025\/09\/1758023830789-768x576.jpg 768w, https:\/\/itr.lukasiewicz.gov.pl\/wp-content\/uploads\/sites\/48\/2025\/09\/1758023830789-24x18.jpg 24w, https:\/\/itr.lukasiewicz.gov.pl\/wp-content\/uploads\/sites\/48\/2025\/09\/1758023830789-36x27.jpg 36w, https:\/\/itr.lukasiewicz.gov.pl\/wp-content\/uploads\/sites\/48\/2025\/09\/1758023830789-48x36.jpg 48w\" sizes=\"(max-width: 800px) 100vw, 800px\" \/><\/figure><\/div><div class=\"nlwfw-posts__item-content\"><div class=\"mb-3 d-flex flex-wrap align-items-center\"><a class=\"nlwfw-posts__item-category me-3\" href=\"https:\/\/itr.lukasiewicz.gov.pl\/en\/welcome-to-energetab-2025\/?c=135\"><span>News<\/span><\/a><span class=\"nlwfw-posts__item-date\">11 Sep 2025<\/span><span class=\"nlwfw-posts__item-read-time\">3 min<\/span><\/div><a href=\"https:\/\/itr.lukasiewicz.gov.pl\/en\/welcome-to-energetab-2025\/\"><h3 class=\"nlwfw-posts__item-title\">Welcome to ENERGETAB 2025<\/h3><div class=\"nlwfw-posts__item-description\"><\/div><\/div><\/a><\/li><li class=\"nlwfw-posts__item\"><div class=\"row\"><div><span class=\"nspw-category-name-mobile\">Bez kategorii<\/span><\/div><\/div><div class=\"nlwfw-posts__item-thumbnail\"><figure class=\"ratio ratio-4x3 overflow-hidden\"><img loading=\"lazy\" decoding=\"async\" width=\"1200\" height=\"675\" src=\"https:\/\/itr.lukasiewicz.gov.pl\/wp-content\/uploads\/sites\/48\/2025\/09\/maxresdefault-1200x675.jpg\" class=\"attachment-post-thumbnail size-post-thumbnail wp-post-image\" alt=\"\" srcset=\"https:\/\/itr.lukasiewicz.gov.pl\/wp-content\/uploads\/sites\/48\/2025\/09\/maxresdefault-1200x675.jpg 1200w, https:\/\/itr.lukasiewicz.gov.pl\/wp-content\/uploads\/sites\/48\/2025\/09\/maxresdefault-300x169.jpg 300w, https:\/\/itr.lukasiewicz.gov.pl\/wp-content\/uploads\/sites\/48\/2025\/09\/maxresdefault-1024x576.jpg 1024w, https:\/\/itr.lukasiewicz.gov.pl\/wp-content\/uploads\/sites\/48\/2025\/09\/maxresdefault-768x432.jpg 768w, https:\/\/itr.lukasiewicz.gov.pl\/wp-content\/uploads\/sites\/48\/2025\/09\/maxresdefault-24x14.jpg 24w, https:\/\/itr.lukasiewicz.gov.pl\/wp-content\/uploads\/sites\/48\/2025\/09\/maxresdefault-36x20.jpg 36w, https:\/\/itr.lukasiewicz.gov.pl\/wp-content\/uploads\/sites\/48\/2025\/09\/maxresdefault-48x27.jpg 48w, https:\/\/itr.lukasiewicz.gov.pl\/wp-content\/uploads\/sites\/48\/2025\/09\/maxresdefault.jpg 1280w\" sizes=\"(max-width: 1200px) 100vw, 1200px\" \/><\/figure><\/div><div class=\"nlwfw-posts__item-content\"><div class=\"mb-3 d-flex flex-wrap align-items-center\"><a class=\"nlwfw-posts__item-category me-3\" href=\"https:\/\/itr.lukasiewicz.gov.pl\/en\/we-are-at-the-mspo-trade-fair-in-kielce\/?c=1\"><span>Bez kategorii<\/span><\/a><span class=\"nlwfw-posts__item-date\">02 Sep 2025<\/span><\/div><a href=\"https:\/\/itr.lukasiewicz.gov.pl\/en\/we-are-at-the-mspo-trade-fair-in-kielce\/\"><h3 class=\"nlwfw-posts__item-title\">We are at the MSPO trade fair in Kielce<\/h3><div class=\"nlwfw-posts__item-description\"><\/div><\/div><\/a><\/li><li class=\"nlwfw-posts__item\"><div class=\"row\"><div><span class=\"nspw-category-name-mobile\">Our experts<\/span><\/div><\/div><div class=\"nlwfw-posts__item-content\"><div class=\"mb-3 d-flex flex-wrap align-items-center\"><a class=\"nlwfw-posts__item-category me-3\" href=\"https:\/\/itr.lukasiewicz.gov.pl\/en\/pawel-michalski\/?c=145\"><span>Our experts<\/span><\/a><span class=\"nlwfw-posts__item-date\">08 Jul 2025<\/span><\/div><a href=\"https:\/\/itr.lukasiewicz.gov.pl\/en\/pawel-michalski\/\"><h3 class=\"nlwfw-posts__item-title\">Pawe\u0142 Michalski<\/h3><div class=\"nlwfw-posts__item-description\"><\/div><\/div><\/a><\/li><li class=\"nlwfw-posts__item\"><div class=\"row\"><div><span class=\"nspw-category-name-mobile\">Bez kategorii<\/span><\/div><\/div><div class=\"nlwfw-posts__item-thumbnail\"><figure class=\"ratio ratio-4x3 overflow-hidden\"><img loading=\"lazy\" decoding=\"async\" width=\"1164\" height=\"776\" src=\"https:\/\/itr.lukasiewicz.gov.pl\/wp-content\/uploads\/sites\/48\/2025\/07\/karol2.jpg\" class=\"attachment-post-thumbnail size-post-thumbnail wp-post-image\" alt=\"dr Karol Makowiecki\" srcset=\"https:\/\/itr.lukasiewicz.gov.pl\/wp-content\/uploads\/sites\/48\/2025\/07\/karol2.jpg 1164w, https:\/\/itr.lukasiewicz.gov.pl\/wp-content\/uploads\/sites\/48\/2025\/07\/karol2-300x200.jpg 300w, https:\/\/itr.lukasiewicz.gov.pl\/wp-content\/uploads\/sites\/48\/2025\/07\/karol2-1024x683.jpg 1024w, https:\/\/itr.lukasiewicz.gov.pl\/wp-content\/uploads\/sites\/48\/2025\/07\/karol2-768x512.jpg 768w, https:\/\/itr.lukasiewicz.gov.pl\/wp-content\/uploads\/sites\/48\/2025\/07\/karol2-24x16.jpg 24w, https:\/\/itr.lukasiewicz.gov.pl\/wp-content\/uploads\/sites\/48\/2025\/07\/karol2-36x24.jpg 36w, https:\/\/itr.lukasiewicz.gov.pl\/wp-content\/uploads\/sites\/48\/2025\/07\/karol2-48x32.jpg 48w\" sizes=\"(max-width: 1164px) 100vw, 1164px\" \/><\/figure><\/div><div class=\"nlwfw-posts__item-content\"><div class=\"mb-3 d-flex flex-wrap align-items-center\"><a class=\"nlwfw-posts__item-category me-3\" href=\"https:\/\/itr.lukasiewicz.gov.pl\/en\/another-doctor-in-our-ranks-congratulations-to-karol-makowiecki\/?c=1\"><span>Bez kategorii<\/span><\/a><span class=\"nlwfw-posts__item-date\">30 Jun 2025<\/span><\/div><a href=\"https:\/\/itr.lukasiewicz.gov.pl\/en\/another-doctor-in-our-ranks-congratulations-to-karol-makowiecki\/\"><h3 class=\"nlwfw-posts__item-title\">Another doctor in our ranks - congratulations to Karol Makowiecki!<\/h3><div class=\"nlwfw-posts__item-description\"><\/div><\/div><\/a><\/li><li class=\"nlwfw-posts__item\"><div class=\"row\"><div><span class=\"nspw-category-name-mobile\">News<\/span><\/div><\/div><div class=\"nlwfw-posts__item-thumbnail\"><figure class=\"ratio ratio-4x3 overflow-hidden\"><img loading=\"lazy\" decoding=\"async\" width=\"999\" height=\"561\" src=\"https:\/\/itr.lukasiewicz.gov.pl\/wp-content\/uploads\/sites\/48\/2025\/07\/ultradzwieki-img.png\" class=\"attachment-post-thumbnail size-post-thumbnail wp-post-image\" alt=\"\" srcset=\"https:\/\/itr.lukasiewicz.gov.pl\/wp-content\/uploads\/sites\/48\/2025\/07\/ultradzwieki-img.png 999w, https:\/\/itr.lukasiewicz.gov.pl\/wp-content\/uploads\/sites\/48\/2025\/07\/ultradzwieki-img-300x168.png 300w, https:\/\/itr.lukasiewicz.gov.pl\/wp-content\/uploads\/sites\/48\/2025\/07\/ultradzwieki-img-768x431.png 768w, https:\/\/itr.lukasiewicz.gov.pl\/wp-content\/uploads\/sites\/48\/2025\/07\/ultradzwieki-img-24x13.png 24w, https:\/\/itr.lukasiewicz.gov.pl\/wp-content\/uploads\/sites\/48\/2025\/07\/ultradzwieki-img-36x20.png 36w, https:\/\/itr.lukasiewicz.gov.pl\/wp-content\/uploads\/sites\/48\/2025\/07\/ultradzwieki-img-48x27.png 48w\" sizes=\"(max-width: 999px) 100vw, 999px\" \/><\/figure><\/div><div class=\"nlwfw-posts__item-content\"><div class=\"mb-3 d-flex flex-wrap align-items-center\"><a class=\"nlwfw-posts__item-category me-3\" href=\"https:\/\/itr.lukasiewicz.gov.pl\/en\/curiousvision-at-lukasiewicz-itr-how-does-ultrasound-work-in-industry\/?c=135\"><span>News<\/span><\/a><span class=\"nlwfw-posts__item-date\">11 Jun 2025<\/span><span class=\"nlwfw-posts__item-read-time\">5 min<\/span><\/div><a href=\"https:\/\/itr.lukasiewicz.gov.pl\/en\/curiousvision-at-lukasiewicz-itr-how-does-ultrasound-work-in-industry\/\"><h3 class=\"nlwfw-posts__item-title\">CuriousVision at Lukasiewicz-ITR: how does ultrasound work in industry?<\/h3><div class=\"nlwfw-posts__item-description\"><\/div><\/div><\/a><\/li><li class=\"nlwfw-posts__item\"><div class=\"row\"><div><span class=\"nspw-category-name-mobile\">Our experts<\/span><\/div><\/div><div class=\"nlwfw-posts__item-content\"><div class=\"mb-3 d-flex flex-wrap align-items-center\"><a class=\"nlwfw-posts__item-category me-3\" href=\"https:\/\/itr.lukasiewicz.gov.pl\/en\/lukasz-grotkowski\/?c=145\"><span>Our experts<\/span><\/a><span class=\"nlwfw-posts__item-date\">06 Jun 2025<\/span><\/div><a href=\"https:\/\/itr.lukasiewicz.gov.pl\/en\/lukasz-grotkowski\/\"><h3 class=\"nlwfw-posts__item-title\">\u0141ukasz Grotkowski<\/h3><div class=\"nlwfw-posts__item-description\"><\/div><\/div><\/a><\/li><\/ul><ul class=\"nlwfw-pagination\"><li class='nlwfw-pagination__item'><span aria-current=\"page\" class=\"page-numbers current\">1<\/span><\/li><li class='nlwfw-pagination__item'><a class=\"page-numbers\" href=\"https:\/\/itr.lukasiewicz.gov.pl\/en\/wp-json\/wp\/v2\/pages\/53478\/page\/2\/\">2<\/a><\/li><li class='nlwfw-pagination__item'><a class=\"page-numbers\" href=\"https:\/\/itr.lukasiewicz.gov.pl\/en\/wp-json\/wp\/v2\/pages\/53478\/page\/3\/\">3<\/a><\/li><li class='nlwfw-pagination__item'><a class=\"next page-numbers\" href=\"https:\/\/itr.lukasiewicz.gov.pl\/en\/wp-json\/wp\/v2\/pages\/53478\/page\/2\/\"><span title=\"Next page\"><\/span><\/a><\/li><\/ul><\/div><div class=\"d-none d-lg-block col-lg-3 offset-lg-1\"><\/div>\t\t\t\t<\/div>\n\t\t\t\t<\/div>\n\t\t\t\t\t<\/div>\n\t\t<\/div>\n\t\t\t\t\t<\/div>\n\t\t<\/section>\n\t\t\t\t<\/div>\n\t\t","protected":false},"excerpt":{"rendered":"<p>News Wydarzenia Aktualno\u015bci Aktualno\u015bci Aktualno\u015bci23 gru 20253 min Weso\u0142ych \u015awi\u0105t i szcz\u0119\u015bliwego Nowego Roku! Aktualno\u015bci Aktualno\u015bci27 lis 20253 min \u0141ukasiewicz \u2013 ITR na Energetics 2025 Aktualno\u015bci Aktualno\u015bci29 pa\u017a 20253 min \u0141ukasiewicz\u2013ITR na Evertiq Expo 2025 w Warszawie Aktualno\u015bci Aktualno\u015bci11 wrz 20253 min Zapraszamy na ENERGETAB 2025 Aktualno\u015bci Aktualno\u015bci02 wrz 20253 min Jeste\u015bmy na targach MSPO [&hellip;]<\/p>\n","protected":false},"author":187,"featured_media":0,"parent":0,"menu_order":0,"comment_status":"closed","ping_status":"closed","template":"","meta":{"_acf_changed":false,"_seopress_robots_primary_cat":"","_seopress_titles_title":"","_seopress_titles_desc":"","_seopress_robots_index":"","inline_featured_image":false,"footnotes":""},"class_list":["post-53478","page","type-page","status-publish","hentry"],"acf":[],"publishpress_future_action":{"enabled":false,"date":"2026-04-27 17:12:26","action":"change-status","newStatus":"draft","terms":[],"taxonomy":"translation_priority","extraData":[]},"publishpress_future_workflow_manual_trigger":{"enabledWorkflows":[]},"_links":{"self":[{"href":"https:\/\/itr.lukasiewicz.gov.pl\/en\/wp-json\/wp\/v2\/pages\/53478","targetHints":{"allow":["GET"]}}],"collection":[{"href":"https:\/\/itr.lukasiewicz.gov.pl\/en\/wp-json\/wp\/v2\/pages"}],"about":[{"href":"https:\/\/itr.lukasiewicz.gov.pl\/en\/wp-json\/wp\/v2\/types\/page"}],"author":[{"embeddable":true,"href":"https:\/\/itr.lukasiewicz.gov.pl\/en\/wp-json\/wp\/v2\/users\/187"}],"replies":[{"embeddable":true,"href":"https:\/\/itr.lukasiewicz.gov.pl\/en\/wp-json\/wp\/v2\/comments?post=53478"}],"version-history":[{"count":1,"href":"https:\/\/itr.lukasiewicz.gov.pl\/en\/wp-json\/wp\/v2\/pages\/53478\/revisions"}],"predecessor-version":[{"id":53479,"href":"https:\/\/itr.lukasiewicz.gov.pl\/en\/wp-json\/wp\/v2\/pages\/53478\/revisions\/53479"}],"wp:attachment":[{"href":"https:\/\/itr.lukasiewicz.gov.pl\/en\/wp-json\/wp\/v2\/media?parent=53478"}],"curies":[{"name":"wp","href":"https:\/\/api.w.org\/{rel}","templated":true}]}}